{"id":3327,"date":"2026-02-06T15:08:58","date_gmt":"2026-02-06T15:08:58","guid":{"rendered":"https:\/\/residentdoctors.ca\/?page_id=3327"},"modified":"2026-02-06T15:08:59","modified_gmt":"2026-02-06T15:08:59","slug":"appreciation-des-medecins-residents-2026-lettre-de-la-presidente","status":"publish","type":"page","link":"https:\/\/residentdoctors.ca\/fr\/appreciation-des-medecins-residents-2026-lettre-de-la-presidente\/","title":{"rendered":"Appr\u00e9ciation des m\u00e9decins r\u00e9sidents 2026 &#8211; Lettre de la pr\u00e9sidente"},"content":{"rendered":"\n<div data-wp-interactive=\"core\/file\" class=\"wp-block-file\"><object data-wp-bind--hidden=\"!state.hasPdfPreview\" hidden class=\"wp-block-file__embed\" data=\"https:\/\/residentdoctors.ca\/wp-content\/uploads\/2026\/02\/Resident-Appreciation-2026-Letter-from-RDoC-President-Dr.-Dakotah-Janes-FR.pdf\" type=\"application\/pdf\" style=\"width:100%;height:600px\" aria-label=\"Contenu embarqu\u00e9 Resident Appreciation 2026 - Letter from RDoC President, Dr. Dakotah Janes (FR).\"><\/object><a id=\"wp-block-file--media-9eaaef65-80ff-4cc1-833f-2b6167280f2e\" href=\"https:\/\/residentdoctors.ca\/wp-content\/uploads\/2026\/02\/Resident-Appreciation-2026-Letter-from-RDoC-President-Dr.-Dakotah-Janes-FR.pdf\">Resident Appreciation 2026 &#8211; Letter from RDoC President, Dr. Dakotah Janes (FR)<\/a><a href=\"https:\/\/residentdoctors.ca\/wp-content\/uploads\/2026\/02\/Resident-Appreciation-2026-Letter-from-RDoC-President-Dr.-Dakotah-Janes-FR.pdf\" class=\"wp-block-file__button wp-element-button\" download aria-describedby=\"wp-block-file--media-9eaaef65-80ff-4cc1-833f-2b6167280f2e\">Download<\/a><\/div>\n","protected":false},"excerpt":{"rendered":"","protected":false},"author":6,"featured_media":0,"parent":0,"menu_order":0,"comment_status":"closed","ping_status":"closed","template":"","meta":{"_acf_changed":false,"footnotes":""},"class_list":["post-3327","page","type-page","status-publish","hentry"],"acf":[],"_links":{"self":[{"href":"https:\/\/residentdoctors.ca\/fr\/wp-json\/wp\/v2\/pages\/3327","targetHints":{"allow":["GET"]}}],"collection":[{"href":"https:\/\/residentdoctors.ca\/fr\/wp-json\/wp\/v2\/pages"}],"about":[{"href":"https:\/\/residentdoctors.ca\/fr\/wp-json\/wp\/v2\/types\/page"}],"author":[{"embeddable":true,"href":"https:\/\/residentdoctors.ca\/fr\/wp-json\/wp\/v2\/users\/6"}],"replies":[{"embeddable":true,"href":"https:\/\/residentdoctors.ca\/fr\/wp-json\/wp\/v2\/comments?post=3327"}],"version-history":[{"count":1,"href":"https:\/\/residentdoctors.ca\/fr\/wp-json\/wp\/v2\/pages\/3327\/revisions"}],"predecessor-version":[{"id":3329,"href":"https:\/\/residentdoctors.ca\/fr\/wp-json\/wp\/v2\/pages\/3327\/revisions\/3329"}],"wp:attachment":[{"href":"https:\/\/residentdoctors.ca\/fr\/wp-json\/wp\/v2\/media?parent=3327"}],"curies":[{"name":"wp","href":"https:\/\/api.w.org\/{rel}","templated":true}]}}