{"id":3231,"date":"2024-11-14T13:41:45","date_gmt":"2024-11-14T13:41:45","guid":{"rendered":"https:\/\/residentdoctors.ca\/details-concernant-les-prix\/"},"modified":"2026-02-11T14:52:54","modified_gmt":"2026-02-11T14:52:54","slug":"details-concernant-les-prix","status":"publish","type":"page","link":"https:\/\/residentdoctors.ca\/fr\/details-concernant-les-prix\/","title":{"rendered":"D\u00e9tails concernant les Prix"},"content":{"rendered":"\n<div class=\"wp-block-group has-custom-quaternary-color has-custom-senary-background-color has-text-color has-background has-link-color wp-elements-7d23f136a3d3b45d28030c22d2f8005e has-global-padding is-layout-constrained wp-block-group-is-layout-constrained\"><h1 style=\"padding-top:var(--wp--preset--spacing--80);padding-bottom:var(--wp--preset--spacing--80);\" class=\"has-link-color wp-elements-afc9980746566e4e4459c6cae3f7a686 wp-block-post-title has-text-color has-custom-quaternary-color\">D\u00e9tails concernant les Prix<\/h1>\n\n\n<div class=\"wp-block-columns is-layout-flex wp-container-core-columns-is-layout-cf05694f wp-block-columns-is-layout-flex\">\n<div class=\"wp-block-column is-layout-flow wp-block-column-is-layout-flow\" style=\"flex-basis:35%\">\n<h2 class=\"wp-block-heading has-custom-quaternary-color has-text-color has-link-color has-rubik-font-family has-xx-large-font-size wp-elements-db1fbd2cd80ed36ae347cc521eb9a8fc\" style=\"font-style:normal;font-weight:400\">Le Prix Puddester de MRC pour le mieux-\u00eatre des r\u00e9sidents<\/h2>\n\n\n\n<hr class=\"wp-block-separator has-text-color has-custom-quaternary-color has-alpha-channel-opacity has-custom-quaternary-background-color has-background\"\/>\n\n\n\n<p>Pour obtenir de l\u2019information et des crit\u00e8res suppl\u00e9mentaires, vous pouvez t\u00e9l\u00e9charger le fichier PDF suivant:<\/p>\n\n\n\n<div class=\"wp-block-buttons is-layout-flex wp-block-buttons-is-layout-flex\">\n<div class=\"wp-block-button is-style-rdoc-arrow-hover-blue\"><a class=\"wp-block-button__link wp-element-button\" href=\"https:\/\/residentdoctors.ca\/wp-content\/uploads\/2025\/12\/RDoC-Puddester-Award-for-Resident-Wellness-Award-Details_FR.pdf\" target=\"_blank\" rel=\"noreferrer noopener\">T\u00e9l\u00e9charger les d\u00e9tails concernant le Prix<\/a><\/div>\n<\/div>\n<\/div>\n\n\n\n<div class=\"wp-block-column is-layout-flow wp-block-column-is-layout-flow\" style=\"line-height:1.66;flex-basis:65%\">\n<p>M\u00e9decins r\u00e9sidents du Canada (MRC) est fier d\u2019honorer les personnes qui ont contribu\u00e9 avec enthousiasme, passion et comp\u00e9tence \u00e0 l\u2019am\u00e9lioration du mieux-\u00eatre des r\u00e9sidents en m\u00e9decine au Canada. Lors de son mandant en tant que pr\u00e9sident de MRC et pr\u00e9sident du comit\u00e9 du mieux-\u00eatre, le docteur Derek Puddester s\u2019est consacr\u00e9 \u00e0 rediriger les efforts de MRC afin de promouvoir le mieux-\u00eatre de tous les m\u00e9decins r\u00e9sidents au Canada. Le conseil d\u2019administration a d\u00e9cern\u00e9 ce prix en l\u2019honneur de ses r\u00e9ussites depuis 2002. \u00c0 compter de 2012, le Prix a \u00e9t\u00e9 d\u00e9cern\u00e9 dans deux cat\u00e9gories : membre du personnel et r\u00e9sident.<br>    <\/p>\n\n\n\n<p>Avant le mois de f\u00e9vrier 2015, ce Prix \u00e9tait connu sous le nom du Prix du docteur Derek Puddester de l\u2019ACIR pour le bien-\u00eatre des r\u00e9sidents.<\/p>\n<\/div>\n<\/div>\n<\/div>\n\n\n\n<div class=\"wp-block-group has-custom-quaternary-color has-custom-senary-background-color has-text-color has-background has-link-color wp-elements-50dc4a6a3d19dd5389809bbe0379fe72 has-global-padding is-layout-constrained wp-block-group-is-layout-constrained\"><h1 style=\"padding-top:var(--wp--preset--spacing--80);padding-bottom:var(--wp--preset--spacing--80);\" class=\"has-link-color wp-elements-afc9980746566e4e4459c6cae3f7a686 wp-block-post-title has-text-color has-custom-quaternary-color\">D\u00e9tails concernant les Prix<\/h1>\n\n\n<div class=\"wp-block-columns is-layout-flex wp-container-core-columns-is-layout-cf05694f wp-block-columns-is-layout-flex\">\n<div class=\"wp-block-column is-layout-flow wp-block-column-is-layout-flow\" style=\"flex-basis:35%\">\n<h2 class=\"wp-block-heading has-custom-quaternary-color has-text-color has-link-color has-rubik-font-family has-xx-large-font-size wp-elements-52fd1e85f75c7adc18936b8e363a3c1b\" style=\"font-style:normal;font-weight:400\">Le Prix Mikhael de MRC pour l\u2019enseignement m\u00e9dical<\/h2>\n\n\n\n<hr class=\"wp-block-separator has-text-color has-custom-quaternary-color has-alpha-channel-opacity has-custom-quaternary-background-color has-background\"\/>\n\n\n\n<p>Pour obtenir de l\u2019information et des crit\u00e8res suppl\u00e9mentaires, vous pouvez t\u00e9l\u00e9charger le fichier PDF suivant:<\/p>\n\n\n\n<div class=\"wp-block-buttons is-layout-flex wp-block-buttons-is-layout-flex\">\n<div class=\"wp-block-button is-style-rdoc-arrow-hover-blue\"><a class=\"wp-block-button__link wp-element-button\" href=\"https:\/\/residentdoctors.ca\/wp-content\/uploads\/2025\/12\/RDoC-Mikhael-Award-for-Medical-Education-Award-Details_FR.pdf\" target=\"_blank\" rel=\"noreferrer noopener\">T\u00e9l\u00e9charger les d\u00e9tails concernant le Prix<\/a><\/div>\n<\/div>\n<\/div>\n\n\n\n<div class=\"wp-block-column is-layout-flow wp-block-column-is-layout-flow\" style=\"line-height:1.66;flex-basis:65%\">\n<p>M\u00e9decins r\u00e9sidents du Canada (MRC) est fier d\u2019honorer les personnes qui ont contribu\u00e9 avec enthousiasme, passion et comp\u00e9tence \u00e0 l\u2019am\u00e9lioration de l\u2019enseignement de premier cycle et postdoctoral en m\u00e9decine au Canada. Lorsqu\u2019il \u00e9tait membre du conseil d\u2019administration, le docteur Joseph Mikhael a travaill\u00e9 sans rel\u00e2che pour repr\u00e9senter les int\u00e9r\u00eats de tous les r\u00e9sidents et r\u00e9sidentes en m\u00e9decine au Canada, recentrant le r\u00f4le de l\u2019ACIR en enseignement m\u00e9dical. Le conseil d\u2019administration a d\u00e9cern\u00e9 ce prix en l\u2019honneur de ses r\u00e9ussites depuis 2005. \u00c0 compter de 2012, le Prix a \u00e9t\u00e9 d\u00e9cern\u00e9 dans deux cat\u00e9gories : membre du personnel et r\u00e9sident.   <\/p>\n\n\n\n<p>\u00c0 compter de 2026, il y aura un laur\u00e9at r\u00e9sident du Coll\u00e8ge royal et un laur\u00e9at r\u00e9sident du CMFC.<\/p>\n<\/div>\n<\/div>\n<\/div>\n\n\n\n<div class=\"wp-block-group has-custom-quaternary-color has-custom-senary-background-color has-text-color has-background has-link-color wp-elements-07fb755585fe282921fdb2191acee486 has-global-padding is-layout-constrained wp-block-group-is-layout-constrained\"><h1 style=\"padding-top:var(--wp--preset--spacing--80);padding-bottom:var(--wp--preset--spacing--80);\" class=\"has-link-color wp-elements-afc9980746566e4e4459c6cae3f7a686 wp-block-post-title has-text-color has-custom-quaternary-color\">D\u00e9tails concernant les Prix<\/h1>\n\n\n<div class=\"wp-block-columns is-layout-flex wp-container-core-columns-is-layout-cf05694f wp-block-columns-is-layout-flex\">\n<div class=\"wp-block-column is-layout-flow wp-block-column-is-layout-flow\" style=\"flex-basis:35%\">\n<h2 class=\"wp-block-heading has-custom-quaternary-color has-text-color has-link-color has-rubik-font-family has-xx-large-font-size wp-elements-813bb4cbcacb7a36e8fb5d41b45ce62f\" style=\"font-style:normal;font-weight:400\">Le Prix Ross de MRC pour le service envers les M\u00e9decins r\u00e9sidents<\/h2>\n\n\n\n<hr class=\"wp-block-separator has-text-color has-custom-quaternary-color has-alpha-channel-opacity has-custom-quaternary-background-color has-background\"\/>\n\n\n\n<p>Pour obtenir de l\u2019information et des crit\u00e8res suppl\u00e9mentaires, vous pouvez t\u00e9l\u00e9charger le fichier PDF suivant:<\/p>\n\n\n\n<div class=\"wp-block-buttons is-layout-flex wp-block-buttons-is-layout-flex\">\n<div class=\"wp-block-button is-style-rdoc-arrow-hover-blue\"><a class=\"wp-block-button__link wp-element-button\" href=\"https:\/\/residentdoctors.ca\/wp-content\/uploads\/2025\/12\/RDoC-Ross-Award-for-Service-to-Resident-Doctors-Award-Details_FR.pdf\" target=\"_blank\" rel=\"noreferrer noopener\">T\u00e9l\u00e9charger les d\u00e9tails concernant le Prix<\/a><\/div>\n<\/div>\n<\/div>\n\n\n\n<div class=\"wp-block-column is-layout-flow wp-block-column-is-layout-flow\" style=\"line-height:1.66;flex-basis:65%\">\n<p>M\u00e9decins r\u00e9sidents du Canada (MRC) est fier d\u2019honorer les personnes qui ont contribu\u00e9 avec enthousiasme, passion et comp\u00e9tence \u00e0 l\u2019enrichissement de la qualit\u00e9 de vie des r\u00e9sidents et r\u00e9sidentes en m\u00e9decine au Canada. Pendant plusieurs ann\u00e9es, Lois Ross a occup\u00e9 le poste de directrice g\u00e9n\u00e9rale de l\u2019ACIR et de PAIRO, p\u00e9riode pendant laquelle elle a travaill\u00e9 sans rel\u00e2che pour repr\u00e9senter les int\u00e9r\u00eats de tous les m\u00e9decins r\u00e9sidents au Canada. Le conseil d\u2019administration a d\u00e9cern\u00e9 ce prix depuis 2009 en l\u2019honneur de ses r\u00e9ussites. \u00c0 compter de 2011, le Prix a \u00e9t\u00e9 r\u00e9serv\u00e9 pour reconna\u00eetre le r\u00f4le important des non-m\u00e9decins dans la r\u00e9sidence en m\u00e9decine. <\/p>\n\n\n\n<p><br><\/p>\n<\/div>\n<\/div>\n<\/div>\n\n\n\n<p><\/p>\n","protected":false},"excerpt":{"rendered":"<p>Le Prix Puddester de MRC pour le mieux-\u00eatre des r\u00e9sidents Pour obtenir de l\u2019information et des crit\u00e8res suppl\u00e9mentaires, vous pouvez t\u00e9l\u00e9charger le fichier PDF suivant: M\u00e9decins r\u00e9sidents du Canada (MRC) est fier d\u2019honorer les personnes qui ont contribu\u00e9 avec enthousiasme, passion et comp\u00e9tence \u00e0 l\u2019am\u00e9lioration du mieux-\u00eatre des r\u00e9sidents en m\u00e9decine au Canada. Lors de [&hellip;]<\/p>\n","protected":false},"author":1,"featured_media":0,"parent":0,"menu_order":0,"comment_status":"closed","ping_status":"closed","template":"wp-custom-template-dark-background","meta":{"_acf_changed":false,"footnotes":""},"class_list":["post-3231","page","type-page","status-publish","hentry"],"acf":[],"_links":{"self":[{"href":"https:\/\/residentdoctors.ca\/fr\/wp-json\/wp\/v2\/pages\/3231","targetHints":{"allow":["GET"]}}],"collection":[{"href":"https:\/\/residentdoctors.ca\/fr\/wp-json\/wp\/v2\/pages"}],"about":[{"href":"https:\/\/residentdoctors.ca\/fr\/wp-json\/wp\/v2\/types\/page"}],"author":[{"embeddable":true,"href":"https:\/\/residentdoctors.ca\/fr\/wp-json\/wp\/v2\/users\/1"}],"replies":[{"embeddable":true,"href":"https:\/\/residentdoctors.ca\/fr\/wp-json\/wp\/v2\/comments?post=3231"}],"version-history":[{"count":7,"href":"https:\/\/residentdoctors.ca\/fr\/wp-json\/wp\/v2\/pages\/3231\/revisions"}],"predecessor-version":[{"id":3354,"href":"https:\/\/residentdoctors.ca\/fr\/wp-json\/wp\/v2\/pages\/3231\/revisions\/3354"}],"wp:attachment":[{"href":"https:\/\/residentdoctors.ca\/fr\/wp-json\/wp\/v2\/media?parent=3231"}],"curies":[{"name":"wp","href":"https:\/\/api.w.org\/{rel}","templated":true}]}}