{"id":2762,"date":"2025-06-23T13:15:46","date_gmt":"2025-06-23T13:15:46","guid":{"rendered":"https:\/\/residentdoctors.ca\/message-de-bienvenue-de-la-presidente-de-mrc\/"},"modified":"2025-08-06T13:23:56","modified_gmt":"2025-08-06T13:23:56","slug":"message-de-bienvenue-de-la-presidente-de-mrc","status":"publish","type":"page","link":"https:\/\/residentdoctors.ca\/fr\/message-de-bienvenue-de-la-presidente-de-mrc\/","title":{"rendered":"Message de bienvenue de la pr\u00e9sidente de MRC"},"content":{"rendered":"\n<p>\u00c0 tous les m\u00e9decins r\u00e9sidents R-1, nous vous souhaitons la bienvenue \u00e0 la r\u00e9sidence et chez MRC. Nous sommes l\u00e0 pour vous \u00e0 chaque \u00e9tape. <\/p>\n\n<figure class=\"wp-block-embed is-type-video is-provider-youtube wp-block-embed-youtube wp-embed-aspect-16-9 wp-has-aspect-ratio\"><div class=\"wp-block-embed__wrapper\">\n<iframe loading=\"lazy\" title=\"RDoC PGY1 Welcome 2025\" width=\"500\" height=\"281\" src=\"https:\/\/www.youtube.com\/embed\/RkEa1wW32NA?feature=oembed\" frameborder=\"0\" allow=\"accelerometer; autoplay; clipboard-write; encrypted-media; gyroscope; picture-in-picture; web-share\" referrerpolicy=\"strict-origin-when-cross-origin\" allowfullscreen><\/iframe>\n<\/div><\/figure>\n\n<p><a href=\"https:\/\/residentdoctors.ca\/wp-content\/uploads\/2025\/06\/PGY1-Welcome-Message-from-RDoC-President-2025.pdf\" data-type=\"attachment\" data-id=\"2663\" target=\"_blank\" rel=\"noreferrer noopener\">Lettre de bienvenue de la pr\u00e9sidente de MRC pour les r\u00e9sidents R-1 \u2014 ANG<\/a><\/p>\n\n<p><a href=\"https:\/\/residentdoctors.ca\/wp-content\/uploads\/2025\/06\/PGY1-Welcome-Letter-from-RDoC-President-2025-FR.pdf\" data-type=\"attachment\" data-id=\"2670\" target=\"_blank\" rel=\"noreferrer noopener\">Lettre de bienvenue de la pr\u00e9sidente de MRC pour les r\u00e9sidents R-1 \u2014 fr.<\/a><\/p>\n","protected":false},"excerpt":{"rendered":"<p>\u00c0 tous les m\u00e9decins r\u00e9sidents R-1, nous vous souhaitons la bienvenue \u00e0 la r\u00e9sidence et chez MRC. Nous sommes l\u00e0 pour vous \u00e0 chaque \u00e9tape. Lettre de bienvenue de la pr\u00e9sidente de MRC pour les r\u00e9sidents R-1 \u2014 ANG Lettre de bienvenue de la pr\u00e9sidente de MRC pour les r\u00e9sidents R-1 \u2014 fr.<\/p>\n","protected":false},"author":6,"featured_media":0,"parent":0,"menu_order":0,"comment_status":"closed","ping_status":"closed","template":"","meta":{"_acf_changed":false,"footnotes":""},"class_list":["post-2762","page","type-page","status-publish","hentry"],"acf":[],"_links":{"self":[{"href":"https:\/\/residentdoctors.ca\/fr\/wp-json\/wp\/v2\/pages\/2762","targetHints":{"allow":["GET"]}}],"collection":[{"href":"https:\/\/residentdoctors.ca\/fr\/wp-json\/wp\/v2\/pages"}],"about":[{"href":"https:\/\/residentdoctors.ca\/fr\/wp-json\/wp\/v2\/types\/page"}],"author":[{"embeddable":true,"href":"https:\/\/residentdoctors.ca\/fr\/wp-json\/wp\/v2\/users\/6"}],"replies":[{"embeddable":true,"href":"https:\/\/residentdoctors.ca\/fr\/wp-json\/wp\/v2\/comments?post=2762"}],"version-history":[{"count":1,"href":"https:\/\/residentdoctors.ca\/fr\/wp-json\/wp\/v2\/pages\/2762\/revisions"}],"predecessor-version":[{"id":2763,"href":"https:\/\/residentdoctors.ca\/fr\/wp-json\/wp\/v2\/pages\/2762\/revisions\/2763"}],"wp:attachment":[{"href":"https:\/\/residentdoctors.ca\/fr\/wp-json\/wp\/v2\/media?parent=2762"}],"curies":[{"name":"wp","href":"https:\/\/api.w.org\/{rel}","templated":true}]}}