{"id":2685,"date":"2024-12-06T14:43:19","date_gmt":"2024-12-06T14:43:19","guid":{"rendered":"https:\/\/residentdoctors.ca\/accessibilite\/"},"modified":"2025-08-13T13:34:42","modified_gmt":"2025-08-13T13:34:42","slug":"accessibilite","status":"publish","type":"page","link":"https:\/\/residentdoctors.ca\/fr\/accessibilite\/","title":{"rendered":"Accessibilit\u00e9"},"content":{"rendered":"\n<div class=\"wp-block-group alignfull has-global-padding is-layout-constrained wp-block-group-is-layout-constrained\" style=\"padding-top:var(--wp--preset--spacing--40);padding-bottom:var(--wp--preset--spacing--40)\">\n<div class=\"wp-block-columns are-vertically-aligned-center is-layout-flex wp-container-core-columns-is-layout-28f84493 wp-block-columns-is-layout-flex\">\n<div class=\"wp-block-column is-vertically-aligned-center is-layout-flow wp-block-column-is-layout-flow\" style=\"flex-basis:40%\">\n<p class=\"has-custom-septenary-color has-text-color has-link-color has-large-font-size wp-elements-172e9f3f4eb149761aae36ee692e2ea6\" style=\"font-style:normal;font-weight:500;text-transform:uppercase\">MRC<\/p>\n\n\n<h1 style=\"line-height:1.1;\" class=\"wp-block-post-title\">Accessibilit\u00e9<\/h1><\/div>\n\n\n\n<div class=\"wp-block-column is-vertically-aligned-center is-layout-flow wp-block-column-is-layout-flow\" style=\"flex-basis:60%\">\n<figure class=\"wp-block-image size-full is-resized has-custom-border\"><img loading=\"lazy\" decoding=\"async\" width=\"1600\" height=\"971\" src=\"https:\/\/residentdoctors.ca\/wp-content\/uploads\/2024\/12\/AdobeStock_600306276.webp\" alt=\"\" class=\"wp-image-1476\" style=\"border-radius:22px;width:751px;height:auto\" srcset=\"https:\/\/residentdoctors.ca\/wp-content\/uploads\/2024\/12\/AdobeStock_600306276.webp 1600w, https:\/\/residentdoctors.ca\/wp-content\/uploads\/2024\/12\/AdobeStock_600306276-300x182.webp 300w, https:\/\/residentdoctors.ca\/wp-content\/uploads\/2024\/12\/AdobeStock_600306276-1024x621.webp 1024w, https:\/\/residentdoctors.ca\/wp-content\/uploads\/2024\/12\/AdobeStock_600306276-768x466.webp 768w, https:\/\/residentdoctors.ca\/wp-content\/uploads\/2024\/12\/AdobeStock_600306276-1536x932.webp 1536w\" sizes=\"auto, (max-width: 1600px) 100vw, 1600px\" \/><\/figure>\n<\/div>\n<\/div>\n<\/div>\n\n<p>M\u00e9decins r\u00e9sidents du Canada s\u2019engage \u00e0 fournir un site Web con\u00e7u et cr\u00e9\u00e9 conform\u00e9ment \u00e0 la Loi sur l\u2019accessibilit\u00e9 pour les personnes handicap\u00e9es de l\u2019Ontario (LAPHO). Notre politique est d\u2019assurer que toute personne, incluant les personnes handicap\u00e9es, puisse avoir un acc\u00e8s complet et \u00e9gal \u00e0 nos offres num\u00e9riques. <\/p>\n\n<p>Nous vous invitons \u00e0 nous faire part de votre exp\u00e9rience. <a href=\"https:\/\/residentdoctors.ca\/fr\/contactez-nous\/\" data-type=\"page\" data-id=\"751\">Communiquez avec nous<\/a> si vous avez des questions ou des commentaires.<\/p>\n\n<div style=\"height:100px\" aria-hidden=\"true\" class=\"wp-block-spacer\"><\/div>\n","protected":false},"excerpt":{"rendered":"<p>MRC M\u00e9decins r\u00e9sidents du Canada s\u2019engage \u00e0 fournir un site Web con\u00e7u et cr\u00e9\u00e9 conform\u00e9ment \u00e0 la Loi sur l\u2019accessibilit\u00e9 pour les personnes handicap\u00e9es de l\u2019Ontario (LAPHO). Notre politique est d\u2019assurer que toute personne, incluant les personnes handicap\u00e9es, puisse avoir un acc\u00e8s complet et \u00e9gal \u00e0 nos offres num\u00e9riques. Nous vous invitons \u00e0 nous faire [&hellip;]<\/p>\n","protected":false},"author":1,"featured_media":0,"parent":0,"menu_order":0,"comment_status":"closed","ping_status":"closed","template":"","meta":{"_acf_changed":false,"footnotes":""},"class_list":["post-2685","page","type-page","status-publish","hentry"],"acf":[],"_links":{"self":[{"href":"https:\/\/residentdoctors.ca\/fr\/wp-json\/wp\/v2\/pages\/2685","targetHints":{"allow":["GET"]}}],"collection":[{"href":"https:\/\/residentdoctors.ca\/fr\/wp-json\/wp\/v2\/pages"}],"about":[{"href":"https:\/\/residentdoctors.ca\/fr\/wp-json\/wp\/v2\/types\/page"}],"author":[{"embeddable":true,"href":"https:\/\/residentdoctors.ca\/fr\/wp-json\/wp\/v2\/users\/1"}],"replies":[{"embeddable":true,"href":"https:\/\/residentdoctors.ca\/fr\/wp-json\/wp\/v2\/comments?post=2685"}],"version-history":[{"count":4,"href":"https:\/\/residentdoctors.ca\/fr\/wp-json\/wp\/v2\/pages\/2685\/revisions"}],"predecessor-version":[{"id":2825,"href":"https:\/\/residentdoctors.ca\/fr\/wp-json\/wp\/v2\/pages\/2685\/revisions\/2825"}],"wp:attachment":[{"href":"https:\/\/residentdoctors.ca\/fr\/wp-json\/wp\/v2\/media?parent=2685"}],"curies":[{"name":"wp","href":"https:\/\/api.w.org\/{rel}","templated":true}]}}