{"id":2628,"date":"2024-11-27T19:10:46","date_gmt":"2024-11-27T19:10:46","guid":{"rendered":"https:\/\/residentdoctors.ca\/inspirer-le-systeme-avec-une-vision-sondage-eclair-aupres-de-la-communaute-residente-dans-le-cadre-de-la-cpc\/"},"modified":"2025-06-19T13:53:56","modified_gmt":"2025-06-19T13:53:56","slug":"inspirer-le-systeme-avec-une-vision-sondage-eclair-aupres-de-la-communaute-residente-dans-le-cadre-de-la-cpc","status":"publish","type":"page","link":"https:\/\/residentdoctors.ca\/fr\/inspirer-le-systeme-avec-une-vision-sondage-eclair-aupres-de-la-communaute-residente-dans-le-cadre-de-la-cpc\/","title":{"rendered":"Inspirer le syst\u00e8me avec une vision \/ Sondage \u00e9clair aupr\u00e8s de la communaut\u00e9 r\u00e9sidente dans le cadre de la\u202fCPC"},"content":{"rendered":"\n<div class=\"wp-block-group alignfull has-global-padding is-layout-constrained wp-block-group-is-layout-constrained\" style=\"margin-bottom:var(--wp--preset--spacing--70)\">\n<div class=\"wp-block-group alignfull has-global-padding is-layout-constrained wp-block-group-is-layout-constrained\" style=\"padding-top:var(--wp--preset--spacing--40);padding-bottom:var(--wp--preset--spacing--60)\">\n<div class=\"wp-block-columns are-vertically-aligned-center is-layout-flex wp-container-core-columns-is-layout-28f84493 wp-block-columns-is-layout-flex\">\n<div class=\"wp-block-column is-vertically-aligned-center is-layout-flow wp-block-column-is-layout-flow\" style=\"flex-basis:40%\">\n<p class=\"has-custom-primary-color has-text-color has-link-color has-large-font-size wp-elements-2d8649d03b33b7506e490f7d938fc16e\" style=\"font-style:normal;font-weight:500;text-transform:none\">Inspirer le syst\u00e8me avec une vision<\/p>\n\n\n\n<h1 class=\"wp-block-heading\" style=\"line-height:1\">Sondage \u00e9clair aupr\u00e8s de la communaut\u00e9 r\u00e9sidente dans le cadre de la\u202fCPC<\/h1>\n<\/div>\n\n\n\n<div class=\"wp-block-column is-vertically-aligned-center is-layout-flow wp-block-column-is-layout-flow\" style=\"flex-basis:60%\">\n<figure class=\"wp-block-image size-full is-resized has-custom-border\"><img loading=\"lazy\" decoding=\"async\" width=\"1800\" height=\"1200\" src=\"https:\/\/residentdoctors.ca\/wp-content\/uploads\/2024\/12\/resident-pulse-check-survey.webp\" alt=\"\" class=\"wp-image-1604\" style=\"border-radius:22px;aspect-ratio:4\/3;object-fit:cover;width:751px;height:auto\" srcset=\"https:\/\/residentdoctors.ca\/wp-content\/uploads\/2024\/12\/resident-pulse-check-survey.webp 1800w, https:\/\/residentdoctors.ca\/wp-content\/uploads\/2024\/12\/resident-pulse-check-survey-300x200.webp 300w, https:\/\/residentdoctors.ca\/wp-content\/uploads\/2024\/12\/resident-pulse-check-survey-1024x683.webp 1024w, https:\/\/residentdoctors.ca\/wp-content\/uploads\/2024\/12\/resident-pulse-check-survey-768x512.webp 768w, https:\/\/residentdoctors.ca\/wp-content\/uploads\/2024\/12\/resident-pulse-check-survey-1536x1024.webp 1536w\" sizes=\"auto, (max-width: 1800px) 100vw, 1800px\" \/><\/figure>\n<\/div>\n<\/div>\n<\/div>\n\n\n\n<div class=\"wp-block-group has-global-padding is-content-justification-left is-layout-constrained wp-container-core-group-is-layout-832ca5e3 wp-block-group-is-layout-constrained\">\n<p class=\"has-custom-senary-color has-text-color has-link-color has-x-large-font-size wp-elements-72b5e6f65064a83b7b58d5839b9d6f19\" style=\"font-style:normal;font-weight:500\">L\u2019exp\u00e9rience des r\u00e9sidents avec l\u2019enseignement de la comp\u00e9tence par conception (CPC) a \u00e9t\u00e9 un domaine d\u2019int\u00e9r\u00eat prioritaire pour MRC depuis que la premi\u00e8re cohorte de r\u00e9sidents a commenc\u00e9 une formation dans des programmes du <a href=\"https:\/\/www.royalcollege.ca\/\">Coll\u00e8ge royal<\/a> agr\u00e9\u00e9s en CPC en 2017.<\/p>\n\n\n\n<p class=\"has-custom-black-color has-text-color has-link-color wp-elements-91f7bae8bd4e4496c56a453f9dcefb33\">En 2020, en collaboration avec le Coll\u00e8ge royal, MRC a lanc\u00e9 le premier Sondage \u00e9clair aupr\u00e8s de la communaut\u00e9 r\u00e9sidente dans le cadre de la\u202fCPC. L\u2019objectif du sondage est de comprendre l\u2019exp\u00e9rience des m\u00e9decins r\u00e9sidents en ce qui concerne la mise en \u0153uvre de la CPC. <\/p>\n\n\n\n<p class=\"has-custom-black-color has-text-color has-link-color wp-elements-00dc3a4bdd46bf1faa925b0a29e713b5\">Jusqu\u2019\u00e0 date, il y a eu deux versions du sondage, en 2021 et en 2023. Le principal objectif du sondage est d\u2019utiliser l\u2019information recueillie pour guider les mesures d\u2019adaptation et d\u2019am\u00e9lioration. <\/p>\n\n\n\n<p>Selon les r\u00e9sultats du Sondage \u00e9clair aupr\u00e8s de la communaut\u00e9 r\u00e9sidente dans le cadre de la\u202fCPC, nous savons que la CPC a un effet n\u00e9faste sur le bien-\u00eatre des r\u00e9sidents. En 2021, 73 % des r\u00e9sidents r\u00e9pondants ont indiqu\u00e9 que la CPC a eu un effet n\u00e9faste sur leur bien-\u00eatre; en 2023, ce nombre \u00e9tait 77 %. Un des facteurs d\u00e9terminants de cet impact n\u00e9gatif est le fardeau des \u00e9valuations et des APC.  <\/p>\n\n\n\n<p>Le Coll\u00e8ge royal travaille pour r\u00e9gler ces impacts n\u00e9gatifs par l\u2019entremise de d\u00e9veloppement d\u2019adaptation \u00e0 la CPC.<\/p>\n\n\n\n<p>MRC est d\u2019avis que la CPC doit se concentrer davantage sur l\u2019offre de formation et porter moins sur l\u2019\u00e9valuation. Notamment, il doit y avoir une diminution importante du fardeau des \u00e9valuations pour les r\u00e9sidents. <\/p>\n\n\n\n<p class=\"has-custom-black-color has-text-color has-link-color wp-elements-ae80c128fe5ae41315538f1dd1399179\">La formation \u00e0 titre de r\u00e9sident doit accorder la priorit\u00e9 \u00e0 l\u2019enseignement plut\u00f4t qu\u2019\u00e0 l\u2019\u00e9valuation.<\/p>\n<\/div>\n\n\n\n<div class=\"wp-block-group alignfull has-global-padding is-layout-constrained wp-block-group-is-layout-constrained\" style=\"margin-top:0;margin-bottom:0;padding-top:var(--wp--preset--spacing--60);padding-bottom:var(--wp--preset--spacing--60)\">\n<p class=\"has-custom-senary-color has-text-color has-link-color has-xx-large-font-size wp-elements-339eb0a06d9c431346438ca91bc1eea1\">Rapports d&rsquo;enqu\u00eate Pulse Check<\/p>\n\n\n\n<ul style=\"margin-top:var(--wp--preset--spacing--60);margin-bottom:var(--wp--preset--spacing--60)\" class=\"wp-block-list\">\n<li><a href=\"https:\/\/residentdoctors.ca\/wp-content\/uploads\/2025\/02\/2023-Resident-Pulse-Check-Final-Report_EN.pdf\" data-type=\"attachment\" data-id=\"2151\" target=\"_blank\" rel=\"noreferrer noopener\">Lien vers le rapport de 2023 \u2014 ANG<\/a><\/li>\n\n\n\n<li><a href=\"https:\/\/residentdoctors.ca\/wp-content\/uploads\/2025\/02\/2023-Resident-Pulse-Check-Final-Report_FR.pdf\" data-type=\"attachment\" data-id=\"2152\" target=\"_blank\" rel=\"noreferrer noopener\">Lien vers le rapport de 2023 \u2014 FR<\/a><\/li>\n\n\n\n<li><a href=\"https:\/\/residentdoctors.ca\/wp-content\/uploads\/2024\/11\/2021-Resident-Pulse-Check-Final-Report_EN.pdf\">Lien vers le rapport de 2021 \u2014 ANG<\/a><\/li>\n\n\n\n<li><a href=\"https:\/\/residentdoctors.ca\/wp-content\/uploads\/2024\/11\/2021-Resident-Pulse-Check-Final-Report_FR.pdf\">Lien vers le rapport de 2021 \u2014 FR<\/a><\/li>\n<\/ul>\n\n\n\n<div class=\"wp-block-media-text is-stacked-on-mobile\"><figure class=\"wp-block-media-text__media\"><\/figure><div class=\"wp-block-media-text__content\">\n<p><\/p>\n<\/div><\/div>\n<\/div>\n<\/div>\n\n<div class=\"wp-block-media-text is-stacked-on-mobile\"><figure class=\"wp-block-media-text__media\"><\/figure><div class=\"wp-block-media-text__content\">\n<p><\/p>\n<\/div><\/div>\n","protected":false},"excerpt":{"rendered":"<p>Inspirer le syst\u00e8me avec une vision Sondage \u00e9clair aupr\u00e8s de la communaut\u00e9 r\u00e9sidente dans le cadre de la\u202fCPC L\u2019exp\u00e9rience des r\u00e9sidents avec l\u2019enseignement de la comp\u00e9tence par conception (CPC) a \u00e9t\u00e9 un domaine d\u2019int\u00e9r\u00eat prioritaire pour MRC depuis que la premi\u00e8re cohorte de r\u00e9sidents a commenc\u00e9 une formation dans des programmes du Coll\u00e8ge royal agr\u00e9\u00e9s [&hellip;]<\/p>\n","protected":false},"author":2,"featured_media":0,"parent":0,"menu_order":0,"comment_status":"closed","ping_status":"closed","template":"","meta":{"_acf_changed":false,"footnotes":""},"class_list":["post-2628","page","type-page","status-publish","hentry"],"acf":[],"_links":{"self":[{"href":"https:\/\/residentdoctors.ca\/fr\/wp-json\/wp\/v2\/pages\/2628","targetHints":{"allow":["GET"]}}],"collection":[{"href":"https:\/\/residentdoctors.ca\/fr\/wp-json\/wp\/v2\/pages"}],"about":[{"href":"https:\/\/residentdoctors.ca\/fr\/wp-json\/wp\/v2\/types\/page"}],"author":[{"embeddable":true,"href":"https:\/\/residentdoctors.ca\/fr\/wp-json\/wp\/v2\/users\/2"}],"replies":[{"embeddable":true,"href":"https:\/\/residentdoctors.ca\/fr\/wp-json\/wp\/v2\/comments?post=2628"}],"version-history":[{"count":1,"href":"https:\/\/residentdoctors.ca\/fr\/wp-json\/wp\/v2\/pages\/2628\/revisions"}],"predecessor-version":[{"id":2629,"href":"https:\/\/residentdoctors.ca\/fr\/wp-json\/wp\/v2\/pages\/2628\/revisions\/2629"}],"wp:attachment":[{"href":"https:\/\/residentdoctors.ca\/fr\/wp-json\/wp\/v2\/media?parent=2628"}],"curies":[{"name":"wp","href":"https:\/\/api.w.org\/{rel}","templated":true}]}}