{"id":2621,"date":"2024-11-26T15:06:45","date_gmt":"2024-11-26T15:06:45","guid":{"rendered":"https:\/\/residentdoctors.ca\/pousser-le-changement-au-sein-du-systeme-elaboration-des-normes\/"},"modified":"2025-08-15T12:44:45","modified_gmt":"2025-08-15T12:44:45","slug":"pousser-le-changement-au-sein-du-systeme-elaboration-des-normes","status":"publish","type":"page","link":"https:\/\/residentdoctors.ca\/fr\/pousser-le-changement-au-sein-du-systeme-elaboration-des-normes\/","title":{"rendered":"Pousser le changement au sein du syst\u00e8me \/ \u00c9laboration des normes"},"content":{"rendered":"\n<div class=\"wp-block-group alignfull has-global-padding is-layout-constrained wp-block-group-is-layout-constrained\" style=\"padding-top:var(--wp--preset--spacing--40);padding-bottom:var(--wp--preset--spacing--60)\">\n<div class=\"wp-block-columns are-vertically-aligned-center is-layout-flex wp-container-core-columns-is-layout-28f84493 wp-block-columns-is-layout-flex\">\n<div class=\"wp-block-column is-vertically-aligned-center is-layout-flow wp-block-column-is-layout-flow\" style=\"flex-basis:40%\">\n<p class=\"has-custom-primary-color has-text-color has-link-color has-large-font-size wp-elements-650115b1f675aa3bdf247cc0da3bd36b\" style=\"font-style:normal;font-weight:500\">Pousser le changement au sein du syst\u00e8me<\/p>\n\n\n\n<h1 class=\"wp-block-heading\" style=\"line-height:1\">\u00c9laboration des normes<\/h1>\n<\/div>\n\n\n\n<div class=\"wp-block-column is-vertically-aligned-center is-layout-flow wp-block-column-is-layout-flow\" style=\"flex-basis:60%\">\n<figure class=\"wp-block-image size-full is-resized has-custom-border\"><img loading=\"lazy\" decoding=\"async\" width=\"1200\" height=\"800\" src=\"https:\/\/residentdoctors.ca\/wp-content\/uploads\/2024\/12\/driving-system-change-overview.webp\" alt=\"\" class=\"wp-image-1591\" style=\"border-radius:22px;aspect-ratio:4\/3;object-fit:cover;width:751px;height:auto\" srcset=\"https:\/\/residentdoctors.ca\/wp-content\/uploads\/2024\/12\/driving-system-change-overview.webp 1200w, https:\/\/residentdoctors.ca\/wp-content\/uploads\/2024\/12\/driving-system-change-overview-300x200.webp 300w, https:\/\/residentdoctors.ca\/wp-content\/uploads\/2024\/12\/driving-system-change-overview-1024x683.webp 1024w, https:\/\/residentdoctors.ca\/wp-content\/uploads\/2024\/12\/driving-system-change-overview-768x512.webp 768w\" sizes=\"auto, (max-width: 1200px) 100vw, 1200px\" \/><\/figure>\n<\/div>\n<\/div>\n<\/div>\n\n<div class=\"wp-block-group has-global-padding is-content-justification-left is-layout-constrained wp-container-core-group-is-layout-6a824ae4 wp-block-group-is-layout-constrained\" style=\"padding-bottom:var(--wp--preset--spacing--70)\">\n<p>En collaborant avec les associations provinciales, en responsabilisant les r\u00e9sidents pour modeler le changement que nous recherchons et en plaidant avec impact, nous sommes plus forts ensemble. <\/p>\n\n\n\n<p>Nous inspirons le syst\u00e8me avec une vision en recueillant et en partageant intentionnellement l\u2019exp\u00e9rience v\u00e9cue de tous les r\u00e9sidents. Nous faisons cela par l\u2019entremise de la recherche et en b\u00e2tissant des partenariats et en \u00e9coutant et en apprenant.<\/p>\n\n\n\n<p>Plus forts ensemble, en inspirant le syst\u00e8me avec une vision, nous \u00e9tablissons des principes et des positions sur des questions qui sont inform\u00e9s, bas\u00e9s sur les preuves et ax\u00e9s sur les solutions. <\/p>\n\n\n\n<p>Des positions sur la prolongation de la formation et le glissement des comp\u00e9tences, le permis d\u2019exercice pancanadien et la mobilit\u00e9 des r\u00e9sidents, les ressources humaines en sant\u00e9, la conception et l\u2019\u00e9valuation de l\u2019enseignement et l\u2019optimisation du milieu de travail positif pour lutter contre l\u2019intimidation et le harc\u00e8lement et favoriser le travail contre le racisme envers les Noirs et les autochtones sont tous impr\u00e9gn\u00e9s d\u2019arguments solides bas\u00e9s sur les preuves. <\/p>\n\n\n\n<p>De cette fa\u00e7on, nous pouvons \u00eatre assur\u00e9s que les partenaires nationaux nous \u00e9couteront alors que nous apportons la voix nationale de tous les r\u00e9sidents aux tables o\u00f9 ont lieu les discussions li\u00e9es \u00e0 l\u2019enseignement m\u00e9dical.<\/p>\n<\/div>\n","protected":false},"excerpt":{"rendered":"<p>Pousser le changement au sein du syst\u00e8me \u00c9laboration des normes En collaborant avec les associations provinciales, en responsabilisant les r\u00e9sidents pour modeler le changement que nous recherchons et en plaidant avec impact, nous sommes plus forts ensemble. Nous inspirons le syst\u00e8me avec une vision en recueillant et en partageant intentionnellement l\u2019exp\u00e9rience v\u00e9cue de tous les [&hellip;]<\/p>\n","protected":false},"author":2,"featured_media":0,"parent":0,"menu_order":0,"comment_status":"closed","ping_status":"closed","template":"","meta":{"_acf_changed":false,"footnotes":""},"class_list":["post-2621","page","type-page","status-publish","hentry"],"acf":[],"_links":{"self":[{"href":"https:\/\/residentdoctors.ca\/fr\/wp-json\/wp\/v2\/pages\/2621","targetHints":{"allow":["GET"]}}],"collection":[{"href":"https:\/\/residentdoctors.ca\/fr\/wp-json\/wp\/v2\/pages"}],"about":[{"href":"https:\/\/residentdoctors.ca\/fr\/wp-json\/wp\/v2\/types\/page"}],"author":[{"embeddable":true,"href":"https:\/\/residentdoctors.ca\/fr\/wp-json\/wp\/v2\/users\/2"}],"replies":[{"embeddable":true,"href":"https:\/\/residentdoctors.ca\/fr\/wp-json\/wp\/v2\/comments?post=2621"}],"version-history":[{"count":2,"href":"https:\/\/residentdoctors.ca\/fr\/wp-json\/wp\/v2\/pages\/2621\/revisions"}],"predecessor-version":[{"id":2837,"href":"https:\/\/residentdoctors.ca\/fr\/wp-json\/wp\/v2\/pages\/2621\/revisions\/2837"}],"wp:attachment":[{"href":"https:\/\/residentdoctors.ca\/fr\/wp-json\/wp\/v2\/media?parent=2621"}],"curies":[{"name":"wp","href":"https:\/\/api.w.org\/{rel}","templated":true}]}}