{"id":2560,"date":"2024-11-27T17:55:04","date_gmt":"2024-11-27T17:55:04","guid":{"rendered":"https:\/\/residentdoctors.ca\/inspirer-le-systeme-avec-une-vision-projet-de-recherche-concernant-les-determinants-en-matiere-de-sante\/"},"modified":"2026-04-08T14:43:40","modified_gmt":"2026-04-08T14:43:40","slug":"inspirer-le-systeme-avec-une-vision-projet-de-recherche-concernant-les-determinants-en-matiere-de-sante","status":"publish","type":"page","link":"https:\/\/residentdoctors.ca\/fr\/inspirer-le-systeme-avec-une-vision-projet-de-recherche-concernant-les-determinants-en-matiere-de-sante\/","title":{"rendered":"Inspirer le syst\u00e8me avec une vision \/ Projet de recherche concernant les d\u00e9terminants en mati\u00e8re de sant\u00e9"},"content":{"rendered":"\n<div class=\"wp-block-group alignfull has-global-padding is-layout-constrained wp-block-group-is-layout-constrained\" style=\"margin-bottom:0\">\n<div class=\"wp-block-group alignfull has-global-padding is-layout-constrained wp-block-group-is-layout-constrained\" style=\"padding-top:var(--wp--preset--spacing--40);padding-bottom:var(--wp--preset--spacing--60)\">\n<div class=\"wp-block-columns are-vertically-aligned-center is-layout-flex wp-container-core-columns-is-layout-28f84493 wp-block-columns-is-layout-flex\">\n<div class=\"wp-block-column is-vertically-aligned-center is-layout-flow wp-block-column-is-layout-flow\" style=\"flex-basis:40%\">\n<p class=\"has-custom-primary-color has-text-color has-link-color has-large-font-size wp-elements-4c6d0e092b4c78c08c2c8907fce13ac2\" style=\"font-style:normal;font-weight:500;text-transform:none\">Inspirer le syst\u00e8me avec une vision<\/p>\n\n\n\n<h1 class=\"wp-block-heading\" style=\"line-height:1.1\">Projet de recherche concernant les d\u00e9terminants en mati\u00e8re de sant\u00e9<\/h1>\n<\/div>\n\n\n\n<div class=\"wp-block-column is-vertically-aligned-center is-layout-flow wp-block-column-is-layout-flow\" style=\"flex-basis:60%\">\n<figure class=\"wp-block-image size-full is-resized has-custom-border\"><img loading=\"lazy\" decoding=\"async\" width=\"2000\" height=\"1333\" src=\"https:\/\/residentdoctors.ca\/wp-content\/uploads\/2025\/05\/iStock-1216368006-2000w_x_1333h.jpg\" alt=\"Une femme m\u00e9decin stress\u00e9e regarde par la fen\u00eatre\" class=\"wp-image-2608\" style=\"border-radius:22px;aspect-ratio:4\/3;object-fit:cover;width:751px;height:auto\" srcset=\"https:\/\/residentdoctors.ca\/wp-content\/uploads\/2025\/05\/iStock-1216368006-2000w_x_1333h.jpg 2000w, https:\/\/residentdoctors.ca\/wp-content\/uploads\/2025\/05\/iStock-1216368006-2000w_x_1333h-300x200.jpg 300w, https:\/\/residentdoctors.ca\/wp-content\/uploads\/2025\/05\/iStock-1216368006-2000w_x_1333h-1024x682.jpg 1024w, https:\/\/residentdoctors.ca\/wp-content\/uploads\/2025\/05\/iStock-1216368006-2000w_x_1333h-768x512.jpg 768w, https:\/\/residentdoctors.ca\/wp-content\/uploads\/2025\/05\/iStock-1216368006-2000w_x_1333h-1536x1024.jpg 1536w\" sizes=\"auto, (max-width: 2000px) 100vw, 2000px\" \/><\/figure>\n<\/div>\n<\/div>\n<\/div>\n\n\n\n<div class=\"wp-block-group has-global-padding is-content-justification-left is-layout-constrained wp-container-core-group-is-layout-c0817a13 wp-block-group-is-layout-constrained\" style=\"padding-top:var(--wp--preset--spacing--30);padding-bottom:var(--wp--preset--spacing--70)\">\n<p class=\"has-custom-senary-color has-text-color has-link-color has-x-large-font-size wp-elements-fd09b117b93e6b55488a493d04c0c81b\" style=\"font-style:normal;font-weight:500\">Les principes et les positions de MRC concernant les enjeux sont guid\u00e9s par les diverses exp\u00e9riences v\u00e9cues des r\u00e9sidents \u00e0 travers le Canada.<\/p>\n\n\n\n<p class=\"has-custom-black-color has-text-color has-link-color wp-elements-6293d1bd1a468f9ea7471c36ea4c33ee\">En 2024, MRC a lanc\u00e9 un projet de recherche concernant les d\u00e9terminants en mati\u00e8re de sant\u00e9 pour recueillir, synth\u00e9tiser et partager ces diverses exp\u00e9riences v\u00e9cues afin d\u2019identifier les d\u00e9terminants en mati\u00e8re de sant\u00e9 des r\u00e9sidents, avec un accent tout particulier pour les plus vuln\u00e9rables, ou pour ceux qui sont les plus affect\u00e9s par des d\u00e9fis au sein du syst\u00e8me de l\u2019enseignement m\u00e9dical.<\/p>\n\n\n\n<p class=\"has-custom-black-color has-text-color has-link-color wp-elements-f0c36a745570a3a358b61b3f1486f729\">La premi\u00e8re partie de ce projet, qui a consist\u00e9 en la consultation en mati\u00e8re de recherche avec des leaders visionnaires et des d\u00e9fenseurs du bien-\u00eatre, a commenc\u00e9 en juin 2024. Les r\u00e9sultats de cette recherche ont \u00e9t\u00e9 analys\u00e9s et guident les futurs travaux de programmation et de plaidoyer de MRC. <\/p>\n\n\n\n<p>En possession des connaissances acquises dans le cadre de cette recherche et en fonction de l\u2019exp\u00e9rience v\u00e9cue du r\u00e9sident, nous dirigerons les changements syst\u00e9miques afin d\u2019am\u00e9liorer la culture de la m\u00e9decine. <\/p>\n\n\n\n<p class=\"has-custom-septenary-color has-text-color has-link-color wp-elements-4bdf5f231605ef52c564cdf2deff4311\"><strong>Le rapport sommaire et la fiche informative sont maintenant disponibles : <\/strong><\/p>\n\n\n\n<p><a href=\"https:\/\/residentdoctors.ca\/wp-content\/uploads\/2025\/05\/RDoC-Determinants-of-Resident-Health-Study-Summary-Report_EN-1.pdf\" data-type=\"attachment\" data-id=\"2592\" target=\"_blank\" rel=\"noreferrer noopener\">Determinants of Resident Health Study: Summary Report &#8211; EN<\/a><\/p>\n\n\n\n<p><a href=\"https:\/\/residentdoctors.ca\/wp-content\/uploads\/2025\/05\/RDoC-Determinants-of-Resident-Health-Study-Summary-Report_FR-1.pdf\" data-type=\"attachment\" data-id=\"2594\" target=\"_blank\" rel=\"noreferrer noopener\">Determinants of Resident Health Study: Summary Report &#8211; FR<\/a><\/p>\n\n\n\n<p><a href=\"https:\/\/residentdoctors.ca\/wp-content\/uploads\/2025\/05\/RDoC-Determinants-of-Resident-Health-Study-Info-Sheet_EN_Digital.pdf\" data-type=\"attachment\" data-id=\"2588\" target=\"_blank\" rel=\"noreferrer noopener\">Determinants of Resident Health Study: Info Sheet &#8211; EN<\/a><\/p>\n\n\n\n<p><a href=\"https:\/\/residentdoctors.ca\/wp-content\/uploads\/2025\/05\/RDoC-Determinants-of-Resident-Health-Study-Info-Sheet_EN_Digital.pdf\" data-type=\"attachment\" data-id=\"2588\" target=\"_blank\" rel=\"noreferrer noopener\">Determinants of Resident Health Study: Info Sheet &#8211; FR<\/a><\/p>\n\n\n\n<p>Si vous avez des questions pr\u00e9cises concernant cette recherche, veuillez communiquer avec nous \u00e0 l\u2019adresse <a href=\"mailto:info@residentdoctors.ca\" target=\"_blank\" rel=\"noreferrer noopener\">info@residentdoctors.ca<\/a>.<\/p>\n\n\n\n<p>Le financement du <em>Projet de recherche sur les d\u00e9terminants de la sant\u00e9 des r\u00e9sidents<\/em> est offert par l\u2019Association m\u00e9dicale canadienne, Gestion financi\u00e8re MD inc. et la Banque Scotia.<\/p>\n\n\n\n<figure class=\"wp-block-image size-large\"><img loading=\"lazy\" decoding=\"async\" width=\"1024\" height=\"223\" src=\"https:\/\/residentdoctors.ca\/wp-content\/uploads\/2026\/04\/image-1024x223.png\" alt=\"\" class=\"wp-image-3364\" srcset=\"https:\/\/residentdoctors.ca\/wp-content\/uploads\/2026\/04\/image-1024x223.png 1024w, https:\/\/residentdoctors.ca\/wp-content\/uploads\/2026\/04\/image-300x65.png 300w, https:\/\/residentdoctors.ca\/wp-content\/uploads\/2026\/04\/image-768x167.png 768w, https:\/\/residentdoctors.ca\/wp-content\/uploads\/2026\/04\/image.png 1046w\" sizes=\"auto, (max-width: 1024px) 100vw, 1024px\" \/><\/figure>\n\n\n\n<p><br><\/p>\n<\/div>\n\n\n\n<div class=\"wp-block-group alignfull has-background has-global-padding is-layout-constrained wp-container-core-group-is-layout-b1c7c8ac wp-block-group-is-layout-constrained\" style=\"background-color:#074a54;margin-top:0;margin-bottom:0;padding-right:var(--wp--preset--spacing--70);padding-left:var(--wp--preset--spacing--70);background-image:url(&apos;https:\/\/residentdoctors.ca\/wp-content\/uploads\/2024\/11\/coloured-tab-secondary.svg&apos;);background-position:0% 0%;background-repeat:no-repeat;background-size:41px;\">\n<div class=\"wp-block-group has-custom-white-color has-text-color has-link-color wp-elements-b2b613d4701f01623dc4bd1de365dbab has-global-padding is-layout-constrained wp-block-group-is-layout-constrained\">\n<div class=\"wp-block-columns are-vertically-aligned-center is-layout-flex wp-container-core-columns-is-layout-51c0b34d wp-block-columns-is-layout-flex\" style=\"padding-top:var(--wp--preset--spacing--50);padding-bottom:var(--wp--preset--spacing--50)\">\n<div class=\"wp-block-column is-vertically-aligned-center is-layout-flow wp-block-column-is-layout-flow\" style=\"flex-basis:50%\">\n<div class=\"wp-block-group has-global-padding is-content-justification-left is-layout-constrained wp-container-core-group-is-layout-399214f9 wp-block-group-is-layout-constrained\">\n<figure class=\"wp-block-image quote-icon\"><img decoding=\"async\" src=\"https:\/\/residentdoctors.ca\/wp-content\/uploads\/2024\/11\/icon-quote.svg\" alt=\"Quote Icon\"\/><\/figure>\n\n\n\n<p class=\"has-x-large-font-size\" style=\"font-style:normal;font-weight:500\">\u00bb Sans se sentir en s\u00e9curit\u00e9, respect\u00e9s et capables d\u2019\u00eatre vuln\u00e9rables, les r\u00e9sidents ne sont pas en mesure de s\u2019impliquer enti\u00e8rement dans le processus d\u2019apprentissage, de plaider pour leurs besoins ou d\u2019acc\u00e9der aux syst\u00e8mes de soutien essentiels pour leur bein-\u00eatre. \u00bb<\/p>\n<\/div>\n<\/div>\n\n\n\n<div class=\"wp-block-column is-vertically-aligned-center is-layout-flow wp-block-column-is-layout-flow\" style=\"padding-top:var(--wp--preset--spacing--70);padding-bottom:var(--wp--preset--spacing--70);flex-basis:30%\">\n<div class=\"wp-block-group is-vertical is-content-justification-left is-layout-flex wp-container-core-group-is-layout-3c119ed2 wp-block-group-is-layout-flex\" style=\"margin-top:var(--wp--preset--spacing--60);margin-bottom:var(--wp--preset--spacing--80)\">\n<div class=\"wp-block-group w-full is-vertical is-layout-flex wp-container-core-group-is-layout-4b827052 wp-block-group-is-layout-flex\">\n<div class=\"wp-block-group has-global-padding is-layout-constrained wp-block-group-is-layout-constrained\" style=\"margin-top:var(--wp--preset--spacing--30);margin-bottom:var(--wp--preset--spacing--30)\">\n<p class=\"has-custom-white-color has-text-color has-link-color wp-elements-5ca20a4d099e6f3044ffa600cc51f3a1\" style=\"font-style:normal;font-weight:700\">participant \u00e0 la recherche concernant les d\u00e9terminants en mati\u00e8re de sant\u00e9<\/p>\n<\/div>\n\n\n\n<div class=\"wp-block-group w-full has-global-padding is-layout-constrained wp-block-group-is-layout-constrained\">\n<hr class=\"wp-block-separator has-alpha-channel-opacity\"\/>\n<\/div>\n<\/div>\n<\/div>\n<\/div>\n<\/div>\n<\/div>\n<\/div>\n<\/div>\n","protected":false},"excerpt":{"rendered":"<p>Inspirer le syst\u00e8me avec une vision Projet de recherche concernant les d\u00e9terminants en mati\u00e8re de sant\u00e9 Les principes et les positions de MRC concernant les enjeux sont guid\u00e9s par les diverses exp\u00e9riences v\u00e9cues des r\u00e9sidents \u00e0 travers le Canada. En 2024, MRC a lanc\u00e9 un projet de recherche concernant les d\u00e9terminants en mati\u00e8re de sant\u00e9 [&hellip;]<\/p>\n","protected":false},"author":2,"featured_media":0,"parent":0,"menu_order":0,"comment_status":"closed","ping_status":"closed","template":"","meta":{"_acf_changed":false,"footnotes":""},"class_list":["post-2560","page","type-page","status-publish","hentry"],"acf":[],"_links":{"self":[{"href":"https:\/\/residentdoctors.ca\/fr\/wp-json\/wp\/v2\/pages\/2560","targetHints":{"allow":["GET"]}}],"collection":[{"href":"https:\/\/residentdoctors.ca\/fr\/wp-json\/wp\/v2\/pages"}],"about":[{"href":"https:\/\/residentdoctors.ca\/fr\/wp-json\/wp\/v2\/types\/page"}],"author":[{"embeddable":true,"href":"https:\/\/residentdoctors.ca\/fr\/wp-json\/wp\/v2\/users\/2"}],"replies":[{"embeddable":true,"href":"https:\/\/residentdoctors.ca\/fr\/wp-json\/wp\/v2\/comments?post=2560"}],"version-history":[{"count":3,"href":"https:\/\/residentdoctors.ca\/fr\/wp-json\/wp\/v2\/pages\/2560\/revisions"}],"predecessor-version":[{"id":3366,"href":"https:\/\/residentdoctors.ca\/fr\/wp-json\/wp\/v2\/pages\/2560\/revisions\/3366"}],"wp:attachment":[{"href":"https:\/\/residentdoctors.ca\/fr\/wp-json\/wp\/v2\/media?parent=2560"}],"curies":[{"name":"wp","href":"https:\/\/api.w.org\/{rel}","templated":true}]}}