{"id":2558,"date":"2024-11-26T20:06:56","date_gmt":"2024-11-26T20:06:56","guid":{"rendered":"https:\/\/residentdoctors.ca\/plus-forts-ensemble-partenaires-nationaux\/"},"modified":"2025-05-03T18:15:38","modified_gmt":"2025-05-03T18:15:38","slug":"plus-forts-ensemble-partenaires-nationaux","status":"publish","type":"page","link":"https:\/\/residentdoctors.ca\/fr\/plus-forts-ensemble-partenaires-nationaux\/","title":{"rendered":"Plus forts ensemble \/ Partenaires nationaux"},"content":{"rendered":"\n<div class=\"wp-block-group alignfull has-global-padding is-layout-constrained wp-block-group-is-layout-constrained\" style=\"margin-bottom:var(--wp--preset--spacing--70)\">\n<div class=\"wp-block-group alignfull has-global-padding is-layout-constrained wp-block-group-is-layout-constrained\" style=\"padding-top:var(--wp--preset--spacing--40);padding-bottom:var(--wp--preset--spacing--60)\">\n<div class=\"wp-block-columns are-vertically-aligned-center is-layout-flex wp-container-core-columns-is-layout-28f84493 wp-block-columns-is-layout-flex\">\n<div class=\"wp-block-column is-vertically-aligned-center is-layout-flow wp-block-column-is-layout-flow\" style=\"flex-basis:40%\">\n<div class=\"wp-block-group is-vertical is-layout-flex wp-container-core-group-is-layout-d6b9ab57 wp-block-group-is-layout-flex\" style=\"min-height:508px\">\n<p class=\"has-custom-primary-color has-text-color has-link-color has-large-font-size wp-elements-f5eb8f8a0b0af9cfc49d6a4920588266\" style=\"font-style:normal;font-weight:500;text-transform:capitalize\">Plus forts ensemble<\/p>\n\n\n\n<h1 class=\"wp-block-heading\" style=\"line-height:1\">Partenaires nationaux<\/h1>\n<\/div>\n<\/div>\n\n\n\n<div class=\"wp-block-column is-vertically-aligned-center is-layout-flow wp-block-column-is-layout-flow\" style=\"border-radius:22px;flex-basis:60%\">\n<figure class=\"wp-block-image size-large has-custom-border\"><img loading=\"lazy\" decoding=\"async\" width=\"1024\" height=\"683\" src=\"https:\/\/residentdoctors.ca\/wp-content\/uploads\/2025\/03\/iStock-530685719-1024x683.jpg\" alt=\"\" class=\"wp-image-2281\" style=\"border-radius:22px\" srcset=\"https:\/\/residentdoctors.ca\/wp-content\/uploads\/2025\/03\/iStock-530685719-1024x683.jpg 1024w, https:\/\/residentdoctors.ca\/wp-content\/uploads\/2025\/03\/iStock-530685719-300x200.jpg 300w, https:\/\/residentdoctors.ca\/wp-content\/uploads\/2025\/03\/iStock-530685719-768x512.jpg 768w, https:\/\/residentdoctors.ca\/wp-content\/uploads\/2025\/03\/iStock-530685719-1536x1024.jpg 1536w, https:\/\/residentdoctors.ca\/wp-content\/uploads\/2025\/03\/iStock-530685719-2048x1365.jpg 2048w\" sizes=\"auto, (max-width: 1024px) 100vw, 1024px\" \/><\/figure>\n<\/div>\n<\/div>\n<\/div>\n\n\n\n<div class=\"wp-block-group has-global-padding is-content-justification-left is-layout-constrained wp-container-core-group-is-layout-dd07ef8a wp-block-group-is-layout-constrained\">\n<p class=\"has-custom-senary-color has-text-color has-link-color has-x-large-font-size wp-elements-3382627017e8422442776247e727222a\" style=\"font-style:normal;font-weight:500\">M\u00e9decins r\u00e9sidents du Canada est une organisation avant-gardiste, ax\u00e9e sur les solutions, fond\u00e9e sur l\u2019\u00e9quit\u00e9 et normative. Ce sont ces valeurs que nous apportons \u00e0 la table dans tout notre travail avec nos partenaires nationaux. <\/p>\n\n\n\n<p class=\"has-custom-black-color has-text-color has-link-color wp-elements-19fa5bd5a6bef7b3874bc12fcb76ac08\">En tant que porte-parole des m\u00e9decins r\u00e9sidents au Canada, MRC est un membre fier du <a href=\"https:\/\/canadianmedicalforum.ca\/\" target=\"_blank\" rel=\"noreferrer noopener\">Forum m\u00e9dical canadien<\/a> (FMC). Le FMC r\u00e9unit les dirigeants des grandes organisations m\u00e9dicales nationales du pays pour des discussions, l\u2019\u00e9tablissement de relations et du consensus, le d\u00e9veloppement de strat\u00e9gies et des actions communes. <\/p>\n\n\n\n<p class=\"has-custom-black-color has-text-color has-link-color wp-elements-f90811f120192c8f89f4a0f9fe40393d\">Les <a href=\"https:\/\/residentdoctors.ca\/category\/resident-volunteer\/\" data-type=\"link\" data-id=\"https:\/\/residentdoctors.ca\/category\/resident-volunteer\/\">d\u00e9fenseurs r\u00e9sidents b\u00e9n\u00e9voles<\/a> de MRC sont des porte-paroles de valeur aux tables de nos partenaires nationaux. <\/p>\n\n\n\n<ul class=\"wp-block-list\">\n<li>MRC est repr\u00e9sent\u00e9 par plus de 30 d\u00e9fenseurs r\u00e9sidents b\u00e9n\u00e9voles qui s\u2019impliquent activement dans des discussions nationales et qui font la promotion de la mission de MRC en tant que champion des moyens plus sains d\u2019apprendre et de travailler.<\/li>\n\n\n\n<li>Ces r\u00e9sidents b\u00e9n\u00e9voles occupent 53 postes dans le cadre de 45 occasions incluant des comit\u00e9s, des groupes de travail et des conf\u00e9rences, collaborant avec 16 partenaires nationaux.<\/li>\n\n\n\n<li>Leur travail couvre des enjeux critiques comme la comp\u00e9tence par conception (CPC), le permis d\u2019exercice pancanadien, la mobilit\u00e9 accrue des r\u00e9sidents, les ressources humaines en sant\u00e9, la r\u00e9forme et l\u2019optimisation de l\u2019\u00e9ducation, le bien-\u00eatre des r\u00e9sidents, l\u2019agr\u00e9ment, le jumelage de CaRMS, l\u2019\u00e9quit\u00e9, la diversit\u00e9, l\u2019inclusion et l\u2019antiracisme et le r\u00e9f\u00e9rentiel CanMEDS 2025.<\/li>\n<\/ul>\n<\/div>\n\n\n\n<p class=\"has-custom-senary-color has-text-color has-link-color has-x-large-font-size wp-elements-c508d6519cdea848c88c929ef5e82e4b\" style=\"font-style:normal;font-weight:500\">En travaillant ensemble avec nos partenaires, nous sommes une communaut\u00e9 m\u00e9dicale plus forte.<\/p>\n<\/div>\n","protected":false},"excerpt":{"rendered":"<p>Plus forts ensemble Partenaires nationaux M\u00e9decins r\u00e9sidents du Canada est une organisation avant-gardiste, ax\u00e9e sur les solutions, fond\u00e9e sur l\u2019\u00e9quit\u00e9 et normative. Ce sont ces valeurs que nous apportons \u00e0 la table dans tout notre travail avec nos partenaires nationaux. En tant que porte-parole des m\u00e9decins r\u00e9sidents au Canada, MRC est un membre fier du [&hellip;]<\/p>\n","protected":false},"author":2,"featured_media":0,"parent":0,"menu_order":0,"comment_status":"closed","ping_status":"closed","template":"","meta":{"_acf_changed":false,"footnotes":""},"class_list":["post-2558","page","type-page","status-publish","hentry"],"acf":[],"_links":{"self":[{"href":"https:\/\/residentdoctors.ca\/fr\/wp-json\/wp\/v2\/pages\/2558","targetHints":{"allow":["GET"]}}],"collection":[{"href":"https:\/\/residentdoctors.ca\/fr\/wp-json\/wp\/v2\/pages"}],"about":[{"href":"https:\/\/residentdoctors.ca\/fr\/wp-json\/wp\/v2\/types\/page"}],"author":[{"embeddable":true,"href":"https:\/\/residentdoctors.ca\/fr\/wp-json\/wp\/v2\/users\/2"}],"replies":[{"embeddable":true,"href":"https:\/\/residentdoctors.ca\/fr\/wp-json\/wp\/v2\/comments?post=2558"}],"version-history":[{"count":1,"href":"https:\/\/residentdoctors.ca\/fr\/wp-json\/wp\/v2\/pages\/2558\/revisions"}],"predecessor-version":[{"id":2559,"href":"https:\/\/residentdoctors.ca\/fr\/wp-json\/wp\/v2\/pages\/2558\/revisions\/2559"}],"wp:attachment":[{"href":"https:\/\/residentdoctors.ca\/fr\/wp-json\/wp\/v2\/media?parent=2558"}],"curies":[{"name":"wp","href":"https:\/\/api.w.org\/{rel}","templated":true}]}}