{"id":2543,"date":"2024-11-26T19:29:04","date_gmt":"2024-11-26T19:29:04","guid":{"rendered":"https:\/\/residentdoctors.ca\/plus-forts-ensemble-responsabiliser-les-residents\/"},"modified":"2026-04-08T14:52:56","modified_gmt":"2026-04-08T14:52:56","slug":"plus-forts-ensemble-responsabiliser-les-residents","status":"publish","type":"page","link":"https:\/\/residentdoctors.ca\/fr\/plus-forts-ensemble-responsabiliser-les-residents\/","title":{"rendered":"Plus forts ensemble \/ Responsabiliser les r\u00e9sidents"},"content":{"rendered":"\n<div class=\"wp-block-group alignfull has-global-padding is-layout-constrained wp-block-group-is-layout-constrained\" style=\"margin-bottom:var(--wp--preset--spacing--70)\">\n<div class=\"wp-block-group alignfull has-global-padding is-layout-constrained wp-block-group-is-layout-constrained\" style=\"padding-top:var(--wp--preset--spacing--40);padding-bottom:var(--wp--preset--spacing--60)\">\n<div class=\"wp-block-columns are-vertically-aligned-center is-layout-flex wp-container-core-columns-is-layout-28f84493 wp-block-columns-is-layout-flex\">\n<div class=\"wp-block-column is-vertically-aligned-center is-layout-flow wp-block-column-is-layout-flow\" style=\"flex-basis:40%\">\n<p class=\"has-custom-primary-color has-text-color has-link-color has-large-font-size wp-elements-091465e9efca3670290877c4d2a43eec\" style=\"font-style:normal;font-weight:500;text-transform:capitalize\">Plus forts ensemble<\/p>\n\n\n\n<h1 class=\"wp-block-heading\" style=\"line-height:1\">Responsabiliser les r\u00e9sidents<\/h1>\n<\/div>\n\n\n\n<div class=\"wp-block-column is-vertically-aligned-center is-layout-flow wp-block-column-is-layout-flow\" style=\"flex-basis:60%\">\n<figure class=\"wp-block-image size-full has-custom-border\"><img loading=\"lazy\" decoding=\"async\" width=\"1380\" height=\"1517\" src=\"https:\/\/residentdoctors.ca\/wp-content\/uploads\/2025\/02\/Dr.-Laura-Dawson.jpeg\" alt=\"\" class=\"wp-image-2165\" style=\"border-radius:22px;aspect-ratio:4\/3;object-fit:cover\" srcset=\"https:\/\/residentdoctors.ca\/wp-content\/uploads\/2025\/02\/Dr.-Laura-Dawson.jpeg 1380w, https:\/\/residentdoctors.ca\/wp-content\/uploads\/2025\/02\/Dr.-Laura-Dawson-273x300.jpeg 273w, https:\/\/residentdoctors.ca\/wp-content\/uploads\/2025\/02\/Dr.-Laura-Dawson-932x1024.jpeg 932w, https:\/\/residentdoctors.ca\/wp-content\/uploads\/2025\/02\/Dr.-Laura-Dawson-768x844.jpeg 768w\" sizes=\"auto, (max-width: 1380px) 100vw, 1380px\" \/><\/figure>\n<\/div>\n<\/div>\n<\/div>\n\n\n\n<div class=\"wp-block-group has-global-padding is-layout-constrained wp-block-group-is-layout-constrained\">\n<div class=\"wp-block-group has-global-padding is-content-justification-left is-layout-constrained wp-container-core-group-is-layout-988b010e wp-block-group-is-layout-constrained\" style=\"margin-top:var(--wp--preset--spacing--70);margin-bottom:var(--wp--preset--spacing--70)\">\n<p class=\"has-custom-senary-color has-text-color has-link-color has-x-large-font-size wp-elements-ab9ca6b6220d5c7278aeaf670678f354\" style=\"font-style:normal;font-weight:500\">Responsabiliser les r\u00e9sidents afin qu\u2019ils deviennent des d\u00e9fenseurs efficaces pour les changements au syst\u00e8me pour cr\u00e9er la culture m\u00e9dicale positive que nous voulons aujourd\u2019hui, demain et pour des g\u00e9n\u00e9rations \u00e0 venir.<\/p>\n\n\n\n<p class=\"has-custom-black-color has-text-color has-link-color wp-elements-f48065ccae7065555c3933f31e4f2836\">MRC responsabilise les r\u00e9sidents afin qu\u2019ils deviennent des agents pour le changement en leur offrant de la formation pratique bas\u00e9e sur les faits, des occasions de d\u00e9veloppement professionnels et des ressources. Ces occasions de responsabilisation sont con\u00e7ues pour fournir des comp\u00e9tences qui surpasseront leur temps en formation et qui cr\u00e9eront des leaders qui pourront :  <\/p>\n\n\n\n<ul style=\"margin-top:var(--wp--preset--spacing--20);margin-bottom:var(--wp--preset--spacing--60)\" class=\"wp-block-list\">\n<li>R\u00e9soudre des probl\u00e8mes efficacement\u2009;<\/li>\n\n\n\n<li>Plaider avec impact\u2009; <\/li>\n\n\n\n<li>\u00catre des champions en ce qui concerne des moyens plus sains d\u2019apprendre et de travailler\u2009; et <\/li>\n\n\n\n<li>Accorder une priorit\u00e9 \u00e0 l\u2019am\u00e9lioration continue en \u00e9ducation m\u00e9dicale<\/li>\n<\/ul>\n<\/div>\n<\/div>\n\n\n\n<h2 class=\"wp-block-heading\">Occasions de responsabilisation<\/h2>\n\n\n\n<div class=\"wp-block-group has-global-padding is-content-justification-left is-layout-constrained wp-container-core-group-is-layout-832ca5e3 wp-block-group-is-layout-constrained\">\n<h3 class=\"wp-block-heading has-custom-senary-color has-text-color has-link-color has-rubik-font-family has-x-large-font-size wp-elements-f9f2887899690bad86aecc79c71a0eeb\" style=\"font-style:normal;font-weight:700;text-transform:none\">Formation en leadership \u2014 r\u00e9solution de probl\u00e8mes et plaidoyer avec impact<\/h3>\n\n\n\n<p>Formation de d\u00e9veloppement professionnel pour la r\u00e9solution de probl\u00e8mes et pour plaidoyer avec impact offerte par un expert en strat\u00e9gie.<\/p>\n\n\n\n<h3 class=\"wp-block-heading has-custom-senary-color has-text-color has-link-color has-rubik-font-family has-x-large-font-size wp-elements-940dcac1f9c8079f277cff6271bbed08\" style=\"font-style:normal;font-weight:700;text-transform:none\"><strong>Ateliers sur le Moi optimal<\/strong><\/h3>\n\n\n\n<p>Des ateliers pr\u00e9sent\u00e9s par des r\u00e9sidents pour les r\u00e9sidents afin de leur donner des comp\u00e9tences bas\u00e9es sur les faits pour g\u00e9rer le stress et am\u00e9liorer la performance.<\/p>\n\n\n\n<p>Focalis\u00e9s sur :<\/p>\n\n\n\n<ul class=\"wp-block-list\">\n<li>Le soutien des fa\u00e7ons plus saines d\u2019apprentissage et de travail\u2009;<\/li>\n\n\n\n<li>La normalisation de la sant\u00e9 mentale et la recherche de traitement\u2009; et <\/li>\n\n\n\n<li>La responsabilisation des r\u00e9sidents comme d\u00e9fenseurs de changements positifs au sein du syst\u00e8me.<\/li>\n<\/ul>\n\n\n\n<p>Si vous d\u00e9sirez r\u00e9server un atelier pour votre \u00e9tablissement ou votre programme ou si vous \u00eates un r\u00e9sident qui aimerait devenir un animateur d\u2019atelier, veuillez nous joindre \u00e0 l\u2019adresse <a href=\"mailto:optimalself@residentdoctors.ca\" target=\"_blank\" rel=\"noreferrer noopener\">optimalself@residentdoctors.ca<\/a> pour plus d\u2019information. <\/p>\n\n\n\n<p>Le financement des <em>ateliers Optimal Self<\/em> est offert par l\u2019Association m\u00e9dicale canadienne, Gestion financi\u00e8re MD inc. et la Banque Scotia.<\/p>\n\n\n\n<figure class=\"wp-block-image size-large\"><img loading=\"lazy\" decoding=\"async\" width=\"1024\" height=\"223\" src=\"https:\/\/residentdoctors.ca\/wp-content\/uploads\/2026\/04\/image-1-1024x223.png\" alt=\"\" class=\"wp-image-3371\" srcset=\"https:\/\/residentdoctors.ca\/wp-content\/uploads\/2026\/04\/image-1-1024x223.png 1024w, https:\/\/residentdoctors.ca\/wp-content\/uploads\/2026\/04\/image-1-300x65.png 300w, https:\/\/residentdoctors.ca\/wp-content\/uploads\/2026\/04\/image-1-768x167.png 768w, https:\/\/residentdoctors.ca\/wp-content\/uploads\/2026\/04\/image-1.png 1046w\" sizes=\"auto, (max-width: 1024px) 100vw, 1024px\" \/><\/figure>\n\n\n\n<h3 class=\"wp-block-heading has-custom-senary-color has-text-color has-link-color has-rubik-font-family has-x-large-font-size wp-elements-cc9b040833bd4d6ee7e03f77760b8c46\" style=\"font-style:normal;font-weight:700;text-transform:none\"><a href=\"https:\/\/residentdoctors.ca\/fr\/pousser-le-changement-au-sein-du-systeme-agrement\/\">Ateliers d\u2019agr\u00e9ment<\/a><\/h3>\n\n\n\n<p>MRC jour un r\u00f4le essentiel dans la responsabilisation des r\u00e9sidents afin de contribuer \u00e0 l\u2019am\u00e9lioration continue de la qualit\u00e9 de leurs programmes tout en tenant leurs \u00e9tablissements responsables envers les normes d\u2019agr\u00e9ment.<\/p>\n\n\n\n<p>En encourageant les r\u00e9sidents \u00e0 \u00eatre des membres des \u00e9quipes nationales d\u2019agr\u00e9ment de CanRAC et en organisant des ateliers pour les r\u00e9sidents par les r\u00e9sidents, les pr\u00e9parant \u00e0 participer aux examens d\u2019agr\u00e9ment de leurs \u00e9tablissements, MRC responsabilisent les r\u00e9sidents pour qu\u2019ils soient des agents de changements au sein du syst\u00e8me dans leurs programmes. <\/p>\n\n\n\n<p>MRC aide \u00e0 responsabiliser les r\u00e9sidents gr\u00e2ce \u00e0 des ateliers d\u2019agr\u00e9ment depuis 2020, collaborant avec les associations provinciales et les bureaux de FMPD afin d\u2019assurer que chaque r\u00e9sident ait l\u2019occasion d\u2019apporter sa voix au processus d\u2019agr\u00e9ment de leurs \u00e9tablissements et leurs programmes.<\/p>\n\n\n\n<p>Cliquez <a href=\"https:\/\/residentdoctors.ca\/fr\/pousser-le-changement-au-sein-du-systeme-agrement\/\" data-type=\"link\" data-id=\"https:\/\/residentdoctors.ca\/driving-system-change-accreditation\/\" target=\"_blank\" rel=\"noreferrer noopener\">ici <\/a>pour en apprendre plus au sujet du r\u00f4le de MRC en ce qui concerne l\u2019agr\u00e9ment. <\/p>\n<\/div>\n<\/div>\n\n\n\n<p><\/p>\n","protected":false},"excerpt":{"rendered":"<p>Plus forts ensemble Responsabiliser les r\u00e9sidents Responsabiliser les r\u00e9sidents afin qu\u2019ils deviennent des d\u00e9fenseurs efficaces pour les changements au syst\u00e8me pour cr\u00e9er la culture m\u00e9dicale positive que nous voulons aujourd\u2019hui, demain et pour des g\u00e9n\u00e9rations \u00e0 venir. MRC responsabilise les r\u00e9sidents afin qu\u2019ils deviennent des agents pour le changement en leur offrant de la formation [&hellip;]<\/p>\n","protected":false},"author":2,"featured_media":0,"parent":0,"menu_order":0,"comment_status":"closed","ping_status":"closed","template":"","meta":{"_acf_changed":false,"footnotes":""},"class_list":["post-2543","page","type-page","status-publish","hentry"],"acf":[],"_links":{"self":[{"href":"https:\/\/residentdoctors.ca\/fr\/wp-json\/wp\/v2\/pages\/2543","targetHints":{"allow":["GET"]}}],"collection":[{"href":"https:\/\/residentdoctors.ca\/fr\/wp-json\/wp\/v2\/pages"}],"about":[{"href":"https:\/\/residentdoctors.ca\/fr\/wp-json\/wp\/v2\/types\/page"}],"author":[{"embeddable":true,"href":"https:\/\/residentdoctors.ca\/fr\/wp-json\/wp\/v2\/users\/2"}],"replies":[{"embeddable":true,"href":"https:\/\/residentdoctors.ca\/fr\/wp-json\/wp\/v2\/comments?post=2543"}],"version-history":[{"count":5,"href":"https:\/\/residentdoctors.ca\/fr\/wp-json\/wp\/v2\/pages\/2543\/revisions"}],"predecessor-version":[{"id":3376,"href":"https:\/\/residentdoctors.ca\/fr\/wp-json\/wp\/v2\/pages\/2543\/revisions\/3376"}],"wp:attachment":[{"href":"https:\/\/residentdoctors.ca\/fr\/wp-json\/wp\/v2\/media?parent=2543"}],"curies":[{"name":"wp","href":"https:\/\/api.w.org\/{rel}","templated":true}]}}