{"id":2540,"date":"2024-11-26T18:59:40","date_gmt":"2024-11-26T18:59:40","guid":{"rendered":"https:\/\/residentdoctors.ca\/plus-forts-ensemble-collaboration-et-responsabilisation\/"},"modified":"2025-05-02T13:59:47","modified_gmt":"2025-05-02T13:59:47","slug":"plus-forts-ensemble-collaboration-et-responsabilisation","status":"publish","type":"page","link":"https:\/\/residentdoctors.ca\/fr\/plus-forts-ensemble-collaboration-et-responsabilisation\/","title":{"rendered":"Plus forts ensemble \/ Collaboration et responsabilisation"},"content":{"rendered":"\n<div class=\"wp-block-group alignfull has-custom-quaternary-background-color has-background has-global-padding is-layout-constrained wp-block-group-is-layout-constrained\" style=\"padding-top:var(--wp--preset--spacing--40);padding-bottom:var(--wp--preset--spacing--60)\">\n<div class=\"wp-block-columns are-vertically-aligned-center is-layout-flex wp-container-core-columns-is-layout-28f84493 wp-block-columns-is-layout-flex\">\n<div class=\"wp-block-column is-vertically-aligned-center is-layout-flow wp-block-column-is-layout-flow\" style=\"flex-basis:40%\">\n<p class=\"has-custom-primary-color has-text-color has-link-color has-large-font-size wp-elements-1bef54335576f21ed7b632cca74f818e\" style=\"font-style:normal;font-weight:500\"><\/p>\n\n\n\n<h1 class=\"wp-block-heading\" style=\"line-height:1\">Plus forts ensemble<\/h1>\n<\/div>\n\n\n\n<div class=\"wp-block-column is-vertically-aligned-center is-layout-flow wp-block-column-is-layout-flow\" style=\"flex-basis:60%\">\n<figure class=\"wp-block-image size-full is-resized has-custom-border\"><img loading=\"lazy\" decoding=\"async\" width=\"2119\" height=\"1414\" src=\"https:\/\/residentdoctors.ca\/wp-content\/uploads\/2025\/02\/iStock-1771408091.webp\" alt=\"\" class=\"wp-image-1956\" style=\"border-radius:22px;aspect-ratio:4\/3;object-fit:cover;width:751px;height:auto\" srcset=\"https:\/\/residentdoctors.ca\/wp-content\/uploads\/2025\/02\/iStock-1771408091.webp 2119w, https:\/\/residentdoctors.ca\/wp-content\/uploads\/2025\/02\/iStock-1771408091-300x200.webp 300w, https:\/\/residentdoctors.ca\/wp-content\/uploads\/2025\/02\/iStock-1771408091-1024x683.webp 1024w, https:\/\/residentdoctors.ca\/wp-content\/uploads\/2025\/02\/iStock-1771408091-768x512.webp 768w, https:\/\/residentdoctors.ca\/wp-content\/uploads\/2025\/02\/iStock-1771408091-1536x1025.webp 1536w, https:\/\/residentdoctors.ca\/wp-content\/uploads\/2025\/02\/iStock-1771408091-2048x1367.webp 2048w\" sizes=\"auto, (max-width: 2119px) 100vw, 2119px\" \/><\/figure>\n<\/div>\n<\/div>\n<\/div>\n\n<p>MRC fournit le cadre \u00e0 partir duquel les associations provinciales peuvent collaborer afin de fournir les meilleurs services et le meilleur soutien possible aux r\u00e9sidents qu\u2019elles repr\u00e9sentent. Nous d\u00e9veloppons et livrons des programmes qui permettent aux r\u00e9sidents d\u2019amplifier leurs voix en tant qu\u2019agents du changement. Nous c\u00e9l\u00e9brons les acteurs du changement par l\u2019entremise de notre programme des prix et nous collaborons avec les partenaires nationaux afin d\u2019atteindre notre objectif partag\u00e9 de cr\u00e9er une meilleure culture m\u00e9dicale.  <br\/><br\/><\/p>\n\n<div\n\tclass=\"wp-block-rdoc-header-content closed\"\tdata-wp-interactive=\"header-wrapper\"\n  data-wp-bind--id=\"context.ariaControls\"\n  data-wp-on-async-document--scroll=\"callbacks.scroll\"\n  data-wp-init=\"callbacks.init\"\n  data-wp-class--open=\"context.isOpen\"\n  data-wp-class--closed=\"!context.isOpen\"\n    data-wp-context='{\"scroll\":0}'>\n\n    <\/div>\n\n<p><\/p>\n","protected":false},"excerpt":{"rendered":"<p>Plus forts ensemble MRC fournit le cadre \u00e0 partir duquel les associations provinciales peuvent collaborer afin de fournir les meilleurs services et le meilleur soutien possible aux r\u00e9sidents qu\u2019elles repr\u00e9sentent. Nous d\u00e9veloppons et livrons des programmes qui permettent aux r\u00e9sidents d\u2019amplifier leurs voix en tant qu\u2019agents du changement. Nous c\u00e9l\u00e9brons les acteurs du changement par [&hellip;]<\/p>\n","protected":false},"author":2,"featured_media":0,"parent":0,"menu_order":0,"comment_status":"closed","ping_status":"closed","template":"","meta":{"_acf_changed":false,"footnotes":""},"class_list":["post-2540","page","type-page","status-publish","hentry"],"acf":[],"_links":{"self":[{"href":"https:\/\/residentdoctors.ca\/fr\/wp-json\/wp\/v2\/pages\/2540","targetHints":{"allow":["GET"]}}],"collection":[{"href":"https:\/\/residentdoctors.ca\/fr\/wp-json\/wp\/v2\/pages"}],"about":[{"href":"https:\/\/residentdoctors.ca\/fr\/wp-json\/wp\/v2\/types\/page"}],"author":[{"embeddable":true,"href":"https:\/\/residentdoctors.ca\/fr\/wp-json\/wp\/v2\/users\/2"}],"replies":[{"embeddable":true,"href":"https:\/\/residentdoctors.ca\/fr\/wp-json\/wp\/v2\/comments?post=2540"}],"version-history":[{"count":1,"href":"https:\/\/residentdoctors.ca\/fr\/wp-json\/wp\/v2\/pages\/2540\/revisions"}],"predecessor-version":[{"id":2541,"href":"https:\/\/residentdoctors.ca\/fr\/wp-json\/wp\/v2\/pages\/2540\/revisions\/2541"}],"wp:attachment":[{"href":"https:\/\/residentdoctors.ca\/fr\/wp-json\/wp\/v2\/media?parent=2540"}],"curies":[{"name":"wp","href":"https:\/\/api.w.org\/{rel}","templated":true}]}}