{"id":2538,"date":"2024-11-26T19:17:55","date_gmt":"2024-11-26T19:17:55","guid":{"rendered":"https:\/\/residentdoctors.ca\/plus-forts-ensemble-associations-provinciales\/"},"modified":"2025-05-02T13:55:26","modified_gmt":"2025-05-02T13:55:26","slug":"plus-forts-ensemble-associations-provinciales","status":"publish","type":"page","link":"https:\/\/residentdoctors.ca\/fr\/plus-forts-ensemble-associations-provinciales\/","title":{"rendered":"Plus forts ensemble \/ Associations provinciales"},"content":{"rendered":"\n<div class=\"wp-block-group alignfull has-global-padding is-layout-constrained wp-block-group-is-layout-constrained\">\n<div class=\"wp-block-group alignfull has-global-padding is-layout-constrained wp-block-group-is-layout-constrained\" style=\"padding-top:var(--wp--preset--spacing--40);padding-bottom:var(--wp--preset--spacing--60)\">\n<div class=\"wp-block-columns are-vertically-aligned-center is-layout-flex wp-container-core-columns-is-layout-28f84493 wp-block-columns-is-layout-flex\">\n<div class=\"wp-block-column is-vertically-aligned-center is-layout-flow wp-block-column-is-layout-flow\" style=\"flex-basis:40%\">\n<div class=\"wp-block-group is-vertical is-layout-flex wp-container-core-group-is-layout-d6b9ab57 wp-block-group-is-layout-flex\" style=\"min-height:508px\">\n<p class=\"has-custom-primary-color has-text-color has-link-color has-medium-font-size wp-elements-25ade12892abbd31852f76b12584a390\" style=\"font-style:normal;font-weight:500\">Plus forts ensemble <\/p>\n\n\n\n<h1 class=\"wp-block-heading\">Associations provinciales<\/h1>\n<\/div>\n<\/div>\n\n\n\n<div class=\"wp-block-column is-vertically-aligned-center is-layout-flow wp-block-column-is-layout-flow\" style=\"flex-basis:60%\">\n<figure class=\"wp-block-image size-large has-custom-border\"><img loading=\"lazy\" decoding=\"async\" width=\"1024\" height=\"683\" src=\"https:\/\/residentdoctors.ca\/wp-content\/uploads\/2025\/03\/iStock-1434731448-1024x683.jpg\" alt=\"\" class=\"wp-image-2275\" style=\"border-radius:22px\" srcset=\"https:\/\/residentdoctors.ca\/wp-content\/uploads\/2025\/03\/iStock-1434731448-1024x683.jpg 1024w, https:\/\/residentdoctors.ca\/wp-content\/uploads\/2025\/03\/iStock-1434731448-300x200.jpg 300w, https:\/\/residentdoctors.ca\/wp-content\/uploads\/2025\/03\/iStock-1434731448-768x512.jpg 768w, https:\/\/residentdoctors.ca\/wp-content\/uploads\/2025\/03\/iStock-1434731448-1536x1024.jpg 1536w, https:\/\/residentdoctors.ca\/wp-content\/uploads\/2025\/03\/iStock-1434731448-2048x1365.jpg 2048w\" sizes=\"auto, (max-width: 1024px) 100vw, 1024px\" \/><\/figure>\n<\/div>\n<\/div>\n\n\n\n<p>Chaque r\u00e9sident au Canada (\u00e0 l\u2019ext\u00e9rieur du Qu\u00e9bec) est repr\u00e9sent\u00e9 par son association r\u00e9gionale ou provinciale. <\/p>\n\n\n\n<p>Ces associations, dirig\u00e9es par des r\u00e9sidents b\u00e9n\u00e9voles \u00e9lus et soutenues par un personnel professionnel, travaillent sans rel\u00e2che pour assurer les meilleures conditions de travail possibles pour les r\u00e9sidents qu\u2019elles repr\u00e9sentent.  <\/p>\n\n\n\n<p>Si vous voulez vous impliquer dans le travail de MRC, communiquez avec votre association provinciale. <\/p>\n<\/div>\n\n\n\n<div class=\"wp-block-group has-global-padding is-layout-constrained wp-block-group-is-layout-constrained\" style=\"margin-top:0;margin-bottom:0\"><\/div>\n<\/div>\n\n<div class=\"wp-block-group alignfull overflow-x-hidden is-style-rdoc-coloured-tab-quinary scalpel-bg has-background has-global-padding is-layout-constrained wp-container-core-group-is-layout-068e2f9e wp-block-group-is-layout-constrained\" style=\"background-color:#074a54;min-height:700px;margin-top:0;margin-bottom:0;padding-top:0;padding-right:var(--wp--preset--spacing--70);padding-bottom:0;padding-left:var(--wp--preset--spacing--70)\">\n<div\n  style=\"padding-top:var(--wp--preset--spacing--70);padding-bottom:var(--wp--preset--spacing--70);\" class=\"testimonials-carousel wp-block-covet-covet-carousel\"  data-wp-interactive=\"covet-carousel\"\n  data-wp-context='{\"title\":\"carousel-title\",\"id\":\"p-7\",\"carousel_id\":\"p-7\",\"hide\":false,\"active_slide\":\"\",\"current\":0,\"slides\":0,\"items\":[]}'  data-wp-init=\"callbacks.init\"\n  data-wp-bind--hidden=\"callbacks.checkHide\">\n  <div role=\"region\" aria-label=\"Carousel\">\n    \n\n<div class=\"wp-block-columns is-style-acas-rounded-all has-custom-white-color has-text-color has-link-color wp-elements-e9645115ad39ef33f627b85ebaf5ff6a is-layout-flex wp-container-core-columns-is-layout-c47336c3 wp-block-columns-is-layout-flex\" style=\"border-top-left-radius:21px;border-bottom-left-radius:21px;margin-top:0;margin-bottom:0;padding-top:var(--wp--preset--spacing--60);padding-bottom:var(--wp--preset--spacing--60)\">\n<div class=\"wp-block-column is-vertically-aligned-top carousel-left-column is-layout-flow wp-block-column-is-layout-flow\" style=\"flex-basis:35%\">\n<div class=\"wp-block-group space-between is-vertical is-content-justification-stretch is-layout-flex wp-container-core-group-is-layout-401b7a8a wp-block-group-is-layout-flex\">\n<div class=\"wp-block-group has-global-padding is-layout-constrained wp-block-group-is-layout-constrained\">\n<h2 class=\"wp-block-heading has-custom-white-color has-text-color has-link-color wp-elements-65da15dc9f0497b571ec55830e4a0410\">Perspectives de la part de la direction des associations provinciales<\/h2>\n<\/div>\n\n\n\n<div class=\"wp-block-group has-global-padding is-layout-constrained wp-block-group-is-layout-constrained\">\n<div class=\"wp-block-covet-covet-carousel-controls\" data-wp-interactive=\"covet-carousel\" data-wp-on--keyup=\"actions.onKeyUp\" role=\"group\" aria-label=\"Carousel Controls\" data-wp-context='{\"controls\":true}'>\n\n  \n  <button class=\"prev\" data-wp-on--click=\"actions.prev\" aria-label=\"Scroll carousel to previous\">Prev<\/button>\n  <button class=\"next\" data-wp-on--click=\"actions.next\" aria-label=\"Scroll carousel to next\">Next<\/button>\n\n<\/div>\n<\/div>\n<\/div>\n<\/div>\n\n\n\n<div class=\"wp-block-column is-vertically-aligned-top slides is-layout-flow wp-block-column-is-layout-flow\" style=\"flex-basis:65%\">\n<div class=\"wp-block-group carousel-slider-wrapper has-custom-white-color has-text-color has-link-color wp-elements-db0cb2dfb0a58698c17a15fd9585e7bb is-layout-flex wp-container-core-group-is-layout-d0921e6e wp-block-group-is-layout-flex\">\n<div class=\"wp-block-covet-covet-carousel-slide\" data-wp-interactive=\"covet-carousel\" data-wp-context='{\"slide_id\":\"p-2\"}' id=\"p-2\" role=\"group\">\n    \n\n<div class=\"wp-block-group h-full is-vertical is-layout-flex wp-container-core-group-is-layout-28f561af wp-block-group-is-layout-flex\" style=\"padding-right:var(--wp--preset--spacing--40);padding-left:var(--wp--preset--spacing--40)\">\n<div class=\"wp-block-group has-global-padding is-layout-constrained wp-block-group-is-layout-constrained\">\n<figure class=\"wp-block-image is-resized quote-icon\"><img decoding=\"async\" src=\"https:\/\/residentdoctors.ca\/wp-content\/uploads\/2024\/11\/icon-quote.svg\" alt=\"Quote Icon\" \/><\/figure>\n\n\n\n<p class=\"has-custom-white-color has-text-color has-link-color has-custom-1-font-size wp-elements-38ce7cf97494d96dbc91f4253e1bc1d7\" style=\"font-style:normal;font-weight:500\">M\u00e9decins r\u00e9sidents du Canada a jou\u00e9 un r\u00f4le important en dirigeant plusieurs efforts \u00e0 travers le pays afin d\u2019am\u00e9liorer la formation postdoctorale en m\u00e9decine. Pendant mon mandat, je me suis joint \u00e0 MRC en r\u00e9sistant avec acharnement les tentatives unilat\u00e9rales de museler les contributions des apprenants lors du processus de jumelage. Il va sans dire que l\u2019organisation a constamment soutenu M\u00e9decins r\u00e9sidents de la Colombie-Britannique, lors des moments de n\u00e9gociation et par ailleurs. Au nom des r\u00e9sidents de la Colombie-Britannique, je partage le sentiment que nous sommes meilleurs ensemble, et j\u2019exprime toute ma gratitude \u00e0 MRC pour leurs efforts continus pour am\u00e9liorer les vies des r\u00e9sidents dans tout le pays.   <\/p>\n<\/div>\n\n\n\n<div class=\"wp-block-columns w-full is-layout-flex wp-container-core-columns-is-layout-45c10ec9 wp-block-columns-is-layout-flex\" style=\"margin-top:var(--wp--preset--spacing--60);margin-bottom:var(--wp--preset--spacing--60)\">\n<div class=\"wp-block-column is-vertically-aligned-center is-layout-flow wp-block-column-is-layout-flow\" style=\"flex-basis:40%\">\n<figure style=\"--focal-point: 44% 0%\" class=\"wp-block-image size-full is-resized has-custom-border\"><img loading=\"lazy\" decoding=\"async\" width=\"989\" height=\"1280\" src=\"https:\/\/residentdoctors.ca\/wp-content\/uploads\/2024\/11\/Dr.-Adeeb-Malas-President-RDBC-2024_2025.webp\" alt=\"\" class=\"wp-image-1401\" style=\"border-radius:50%;aspect-ratio:1;object-fit:cover;width:196px\" srcset=\"https:\/\/residentdoctors.ca\/wp-content\/uploads\/2024\/11\/Dr.-Adeeb-Malas-President-RDBC-2024_2025.webp 989w, https:\/\/residentdoctors.ca\/wp-content\/uploads\/2024\/11\/Dr.-Adeeb-Malas-President-RDBC-2024_2025-232x300.webp 232w, https:\/\/residentdoctors.ca\/wp-content\/uploads\/2024\/11\/Dr.-Adeeb-Malas-President-RDBC-2024_2025-791x1024.webp 791w, https:\/\/residentdoctors.ca\/wp-content\/uploads\/2024\/11\/Dr.-Adeeb-Malas-President-RDBC-2024_2025-768x994.webp 768w\" sizes=\"auto, (max-width: 989px) 100vw, 989px\" \/><\/figure>\n<\/div>\n\n\n\n<div class=\"wp-block-column is-vertically-aligned-center is-layout-flow wp-block-column-is-layout-flow\" style=\"flex-basis:60%\">\n<div class=\"wp-block-group has-global-padding is-layout-constrained wp-container-core-group-is-layout-92b9201d wp-block-group-is-layout-constrained\">\n<p style=\"font-style:normal;font-weight:700\">Dr Adeeb Malas<\/p>\n\n\n\n<hr class=\"wp-block-separator has-alpha-channel-opacity\" \/>\n\n\n\n<p>pr\u00e9sident, M\u00e9decins r\u00e9sidents de la C.-B. (RDBC)<\/p>\n<\/div>\n<\/div>\n<\/div>\n<\/div>\n\n<\/div>\n\n\n\n<div class=\"wp-block-covet-covet-carousel-slide\" data-wp-interactive=\"covet-carousel\" data-wp-context='{\"slide_id\":\"p-3\"}' id=\"p-3\" role=\"group\">\n    \n\n<div class=\"wp-block-group h-full is-vertical is-layout-flex wp-container-core-group-is-layout-28f561af wp-block-group-is-layout-flex\" style=\"padding-right:var(--wp--preset--spacing--40);padding-left:var(--wp--preset--spacing--40)\">\n<div class=\"wp-block-group has-global-padding is-layout-constrained wp-block-group-is-layout-constrained\">\n<figure class=\"wp-block-image is-resized quote-icon\"><img decoding=\"async\" src=\"https:\/\/residentdoctors.ca\/wp-content\/uploads\/2024\/11\/icon-quote.svg\" alt=\"Quote Icon\" \/><\/figure>\n\n\n\n<p class=\"has-custom-white-color has-text-color has-link-color has-custom-1-font-size wp-elements-4b0b172122c05163c96ac6716bf6f6a9\" style=\"font-style:normal;font-weight:500\">RDoS est reconnaissant des projets de sensibilisation de MRC pour les int\u00e9r\u00eats des r\u00e9sidents au niveau national. Nous sommes impatients \u00e0 l\u2019id\u00e9e de continuer de travailler avec MRC en ce qui concerne la sensibilisation et la responsabilisation collective des r\u00e9sidents. <\/p>\n<\/div>\n\n\n\n<div class=\"wp-block-columns w-full is-layout-flex wp-container-core-columns-is-layout-45c10ec9 wp-block-columns-is-layout-flex\" style=\"margin-top:var(--wp--preset--spacing--60);margin-bottom:var(--wp--preset--spacing--60)\">\n<div class=\"wp-block-column is-vertically-aligned-center is-layout-flow wp-block-column-is-layout-flow\" style=\"flex-basis:40%\">\n<figure class=\"wp-block-image size-full is-resized has-custom-border\"><img loading=\"lazy\" decoding=\"async\" width=\"480\" height=\"480\" src=\"https:\/\/residentdoctors.ca\/wp-content\/uploads\/2024\/11\/Dr.-Eva-Liu-President-RDoS-2024_2025.webp\" alt=\"\" class=\"wp-image-1402\" style=\"border-radius:50%;aspect-ratio:1;object-fit:cover;width:196px\" srcset=\"https:\/\/residentdoctors.ca\/wp-content\/uploads\/2024\/11\/Dr.-Eva-Liu-President-RDoS-2024_2025.webp 480w, https:\/\/residentdoctors.ca\/wp-content\/uploads\/2024\/11\/Dr.-Eva-Liu-President-RDoS-2024_2025-300x300.webp 300w, https:\/\/residentdoctors.ca\/wp-content\/uploads\/2024\/11\/Dr.-Eva-Liu-President-RDoS-2024_2025-150x150.webp 150w, https:\/\/residentdoctors.ca\/wp-content\/uploads\/2024\/11\/Dr.-Eva-Liu-President-RDoS-2024_2025-60x60.webp 60w\" sizes=\"auto, (max-width: 480px) 100vw, 480px\" \/><\/figure>\n<\/div>\n\n\n\n<div class=\"wp-block-column is-vertically-aligned-center is-layout-flow wp-block-column-is-layout-flow\" style=\"flex-basis:60%\">\n<div class=\"wp-block-group has-global-padding is-layout-constrained wp-container-core-group-is-layout-92b9201d wp-block-group-is-layout-constrained\">\n<p style=\"font-style:normal;font-weight:700\">Dre Eva Liu<\/p>\n\n\n\n<hr class=\"wp-block-separator has-alpha-channel-opacity\" \/>\n\n\n\n<p>pr\u00e9sidente, M\u00e9decins r\u00e9sidents de la Saskatchewan (RDoS)<\/p>\n<\/div>\n<\/div>\n<\/div>\n<\/div>\n\n<\/div>\n\n\n\n<div class=\"wp-block-covet-covet-carousel-slide\" data-wp-interactive=\"covet-carousel\" data-wp-context='{\"slide_id\":\"p-4\"}' id=\"p-4\" role=\"group\">\n    \n\n<div class=\"wp-block-group h-full is-vertical is-layout-flex wp-container-core-group-is-layout-28f561af wp-block-group-is-layout-flex\" style=\"padding-right:var(--wp--preset--spacing--40);padding-left:var(--wp--preset--spacing--40)\">\n<div class=\"wp-block-group has-global-padding is-layout-constrained wp-block-group-is-layout-constrained\">\n<figure class=\"wp-block-image is-resized quote-icon\"><img decoding=\"async\" src=\"https:\/\/residentdoctors.ca\/wp-content\/uploads\/2024\/11\/icon-quote.svg\" alt=\"Quote Icon\" \/><\/figure>\n\n\n\n<p class=\"has-custom-white-color has-text-color has-link-color has-custom-1-font-size wp-elements-64dc7699e330f8262cd0adc4022ddcb7\" style=\"font-style:normal;font-weight:500\">J\u2019ai eu le privil\u00e8ge de travailler \u00e9troitement avec MRC au cours des derni\u00e8res ann\u00e9es, et leur engagement in\u00e9branlable envers l\u2019am\u00e9lioration du bien-\u00eatre et des conditions de formation des r\u00e9sidents au Canada est une v\u00e9ritable source d\u2019inspiration. L\u2019engagement de MRC envers la revendication et le soutien des r\u00e9sidents sont exceptionnels, s\u2019effor\u00e7ant de cr\u00e9er un avenir meilleur pour tous les r\u00e9sidents \u2014 un avenir o\u00f9 chaque voix est valoris\u00e9e et soutenue. <\/p>\n<\/div>\n\n\n\n<div class=\"wp-block-columns w-full is-layout-flex wp-container-core-columns-is-layout-45c10ec9 wp-block-columns-is-layout-flex\" style=\"margin-top:var(--wp--preset--spacing--60);margin-bottom:var(--wp--preset--spacing--60)\">\n<div class=\"wp-block-column is-vertically-aligned-center is-layout-flow wp-block-column-is-layout-flow\" style=\"flex-basis:40%\">\n<figure class=\"wp-block-image size-full is-resized has-custom-border\"><img loading=\"lazy\" decoding=\"async\" width=\"400\" height=\"400\" src=\"https:\/\/residentdoctors.ca\/wp-content\/uploads\/2024\/11\/Dr.-Sabrina-Slade.webp\" alt=\"\" class=\"wp-image-806\" style=\"border-radius:50%;aspect-ratio:1;object-fit:cover;width:196px\" srcset=\"https:\/\/residentdoctors.ca\/wp-content\/uploads\/2024\/11\/Dr.-Sabrina-Slade.webp 400w, https:\/\/residentdoctors.ca\/wp-content\/uploads\/2024\/11\/Dr.-Sabrina-Slade-300x300.webp 300w, https:\/\/residentdoctors.ca\/wp-content\/uploads\/2024\/11\/Dr.-Sabrina-Slade-150x150.webp 150w\" sizes=\"auto, (max-width: 400px) 100vw, 400px\" \/><\/figure>\n<\/div>\n\n\n\n<div class=\"wp-block-column is-vertically-aligned-center is-layout-flow wp-block-column-is-layout-flow\" style=\"flex-basis:60%\">\n<div class=\"wp-block-group has-global-padding is-layout-constrained wp-container-core-group-is-layout-92b9201d wp-block-group-is-layout-constrained\">\n<p style=\"font-style:normal;font-weight:700\">Dre Sabrina Slade<\/p>\n\n\n\n<hr class=\"wp-block-separator has-alpha-channel-opacity\" \/>\n\n\n\n<p>pr\u00e9sidente, Association professionnelle des r\u00e9sidents de l\u2019Ontario (PARO)<\/p>\n<\/div>\n<\/div>\n<\/div>\n<\/div>\n\n<\/div>\n\n\n\n<div class=\"wp-block-covet-covet-carousel-slide\" data-wp-interactive=\"covet-carousel\" data-wp-context='{\"slide_id\":\"p-5\"}' id=\"p-5\" role=\"group\">\n    \n\n<div class=\"wp-block-group h-full is-vertical is-layout-flex wp-container-core-group-is-layout-28f561af wp-block-group-is-layout-flex\" style=\"padding-right:var(--wp--preset--spacing--40);padding-left:var(--wp--preset--spacing--40)\">\n<div class=\"wp-block-group has-global-padding is-layout-constrained wp-block-group-is-layout-constrained\">\n<figure class=\"wp-block-image is-resized quote-icon\"><img decoding=\"async\" src=\"https:\/\/residentdoctors.ca\/wp-content\/uploads\/2024\/11\/icon-quote.svg\" alt=\"Quote Icon\" \/><\/figure>\n\n\n\n<p class=\"has-custom-white-color has-text-color has-link-color has-custom-1-font-size wp-elements-457e642bfcc7b4fd0fc9e8ebcee79a7d\" style=\"font-style:normal;font-weight:500\">En tant qu\u2019association provinciale de petite \u00e0 moyenne taille, la capacit\u00e9 de faire entendre nos voix au niveau national par l\u2019entremise des efforts de plaidoyer de MRC est extr\u00eamement utile. Avoir acc\u00e8s aux connaissances et aux capacit\u00e9s de l\u2019\u00e9quipe professionnelle de MRC, en plus du r\u00e9seau national des associations provinciales pour aider dans le cadre d\u2019initiatives comme l\u2019agr\u00e9ment et les n\u00e9gociations des conventions collectives permet \u00e0 ces processus de se d\u00e9rouler beaucoup plus en douceur et avec succ\u00e8s. <\/p>\n<\/div>\n\n\n\n<div class=\"wp-block-columns w-full is-layout-flex wp-container-core-columns-is-layout-45c10ec9 wp-block-columns-is-layout-flex\" style=\"margin-top:var(--wp--preset--spacing--60);margin-bottom:var(--wp--preset--spacing--60)\">\n<div class=\"wp-block-column is-vertically-aligned-center is-layout-flow wp-block-column-is-layout-flow\" style=\"flex-basis:40%\">\n<figure style=\"--focal-point: 51% 2%\" class=\"wp-block-image size-full is-resized has-custom-border\"><img loading=\"lazy\" decoding=\"async\" width=\"1707\" height=\"2560\" src=\"https:\/\/residentdoctors.ca\/wp-content\/uploads\/2024\/11\/Dr.-Patrick-Holland-scaled.webp\" alt=\"\" class=\"wp-image-1098\" style=\"border-radius:50%;aspect-ratio:1;object-fit:cover;width:196px\" srcset=\"https:\/\/residentdoctors.ca\/wp-content\/uploads\/2024\/11\/Dr.-Patrick-Holland-scaled.webp 1707w, https:\/\/residentdoctors.ca\/wp-content\/uploads\/2024\/11\/Dr.-Patrick-Holland-200x300.webp 200w, https:\/\/residentdoctors.ca\/wp-content\/uploads\/2024\/11\/Dr.-Patrick-Holland-683x1024.webp 683w, https:\/\/residentdoctors.ca\/wp-content\/uploads\/2024\/11\/Dr.-Patrick-Holland-768x1152.webp 768w, https:\/\/residentdoctors.ca\/wp-content\/uploads\/2024\/11\/Dr.-Patrick-Holland-1024x1536.webp 1024w, https:\/\/residentdoctors.ca\/wp-content\/uploads\/2024\/11\/Dr.-Patrick-Holland-1365x2048.webp 1365w\" sizes=\"auto, (max-width: 1707px) 100vw, 1707px\" \/><\/figure>\n<\/div>\n\n\n\n<div class=\"wp-block-column is-vertically-aligned-center is-layout-flow wp-block-column-is-layout-flow\" style=\"flex-basis:60%\">\n<div class=\"wp-block-group has-global-padding is-layout-constrained wp-container-core-group-is-layout-92b9201d wp-block-group-is-layout-constrained\">\n<p style=\"font-style:normal;font-weight:700\">Dr Pat Holland<\/p>\n\n\n\n<hr class=\"wp-block-separator has-alpha-channel-opacity\" \/>\n\n\n\n<p>ancien pr\u00e9sident, M\u00e9decins r\u00e9sidents des Maritimes du Canada (MarDocs)<\/p>\n<\/div>\n<\/div>\n<\/div>\n<\/div>\n\n<\/div>\n\n\n\n<div class=\"wp-block-covet-covet-carousel-slide\" data-wp-interactive=\"covet-carousel\" data-wp-context='{\"slide_id\":\"p-6\"}' id=\"p-6\" role=\"group\">\n    \n\n<div class=\"wp-block-group h-full is-vertical is-layout-flex wp-container-core-group-is-layout-28f561af wp-block-group-is-layout-flex\" style=\"padding-right:var(--wp--preset--spacing--40);padding-left:var(--wp--preset--spacing--40)\">\n<div class=\"wp-block-group has-global-padding is-layout-constrained wp-block-group-is-layout-constrained\">\n<figure class=\"wp-block-image is-resized quote-icon\"><img decoding=\"async\" src=\"https:\/\/residentdoctors.ca\/wp-content\/uploads\/2024\/11\/icon-quote.svg\" alt=\"Quote Icon\" \/><\/figure>\n\n\n\n<p class=\"has-custom-white-color has-text-color has-link-color has-custom-1-font-size wp-elements-0bf2fa89bff874e492edea7d8234ae7c\" style=\"font-style:normal;font-weight:500\">En tant que copr\u00e9sidente de PARNL, une ancienne directrice du conseil d\u2019administration de MRC et la tr\u00e9sori\u00e8re actuelle, je suis extr\u00eamement reconnaissante envers ce que MRC offre \u00e0 nos deux associations provinciales et pour nous offrir une voix nationale. Notre adh\u00e9sion \u00e0 MRC nous offre des ressources et l\u2019acc\u00e8s \u00e0 des experts pour nous aider \u00e0 r\u00e9viser notre propre plan strat\u00e9gique chez PARNL. Lorsque les associations provinciales s\u2019entraident, nous sommes plus forts ensemble. De plus, nous savons que nous avons le soutien de MRC en ce qui concerne des enjeux comme l\u2019augmentation discr\u00e8te des comp\u00e9tences et le prolongement de la formation. Le raisonnement clair bas\u00e9 sur les preuves de MRC pour plaidoyer aide \u00e0 tenir les \u00e9tablissements responsables pour assurer l\u2019excellence lors de la conception des programmes de formation m\u00e9dicale.    <\/p>\n<\/div>\n\n\n\n<div class=\"wp-block-columns w-full is-layout-flex wp-container-core-columns-is-layout-45c10ec9 wp-block-columns-is-layout-flex\" style=\"margin-top:var(--wp--preset--spacing--60);margin-bottom:var(--wp--preset--spacing--60)\">\n<div class=\"wp-block-column is-vertically-aligned-center is-layout-flow wp-block-column-is-layout-flow\" style=\"flex-basis:40%\">\n<figure style=\"--focal-point: 45% 0%\" class=\"wp-block-image size-full is-resized has-custom-border\"><img loading=\"lazy\" decoding=\"async\" width=\"2178\" height=\"2419\" src=\"https:\/\/residentdoctors.ca\/wp-content\/uploads\/2024\/11\/Dr.-Dakotah-Janes.webp\" alt=\"\" class=\"wp-image-796\" style=\"border-radius:50%;aspect-ratio:1;object-fit:cover;width:196px\" srcset=\"https:\/\/residentdoctors.ca\/wp-content\/uploads\/2024\/11\/Dr.-Dakotah-Janes.webp 2178w, https:\/\/residentdoctors.ca\/wp-content\/uploads\/2024\/11\/Dr.-Dakotah-Janes-270x300.webp 270w, https:\/\/residentdoctors.ca\/wp-content\/uploads\/2024\/11\/Dr.-Dakotah-Janes-922x1024.webp 922w, https:\/\/residentdoctors.ca\/wp-content\/uploads\/2024\/11\/Dr.-Dakotah-Janes-768x853.webp 768w, https:\/\/residentdoctors.ca\/wp-content\/uploads\/2024\/11\/Dr.-Dakotah-Janes-1383x1536.webp 1383w, https:\/\/residentdoctors.ca\/wp-content\/uploads\/2024\/11\/Dr.-Dakotah-Janes-1844x2048.webp 1844w\" sizes=\"auto, (max-width: 2178px) 100vw, 2178px\" \/><\/figure>\n<\/div>\n\n\n\n<div class=\"wp-block-column is-vertically-aligned-center is-layout-flow wp-block-column-is-layout-flow\" style=\"flex-basis:60%\">\n<div class=\"wp-block-group has-global-padding is-layout-constrained wp-container-core-group-is-layout-92b9201d wp-block-group-is-layout-constrained\">\n<p style=\"font-style:normal;font-weight:700\">Dre Dakotah Janes<\/p>\n\n\n\n<hr class=\"wp-block-separator has-alpha-channel-opacity\" \/>\n\n\n\n<p>copr\u00e9sidente, Association professionnelle des r\u00e9sidents de Terre-Neuve-et-Labrador (PARNL)<\/p>\n<\/div>\n<\/div>\n<\/div>\n<\/div>\n\n<\/div>\n<\/div>\n<\/div>\n<\/div>\n\n  <\/div>\n<\/div>\n<\/div>\n","protected":false},"excerpt":{"rendered":"<p>Plus forts ensemble Associations provinciales Chaque r\u00e9sident au Canada (\u00e0 l\u2019ext\u00e9rieur du Qu\u00e9bec) est repr\u00e9sent\u00e9 par son association r\u00e9gionale ou provinciale. Ces associations, dirig\u00e9es par des r\u00e9sidents b\u00e9n\u00e9voles \u00e9lus et soutenues par un personnel professionnel, travaillent sans rel\u00e2che pour assurer les meilleures conditions de travail possibles pour les r\u00e9sidents qu\u2019elles repr\u00e9sentent. Si vous voulez vous [&hellip;]<\/p>\n","protected":false},"author":2,"featured_media":0,"parent":0,"menu_order":0,"comment_status":"closed","ping_status":"closed","template":"","meta":{"_acf_changed":false,"footnotes":""},"class_list":["post-2538","page","type-page","status-publish","hentry"],"acf":[],"_links":{"self":[{"href":"https:\/\/residentdoctors.ca\/fr\/wp-json\/wp\/v2\/pages\/2538","targetHints":{"allow":["GET"]}}],"collection":[{"href":"https:\/\/residentdoctors.ca\/fr\/wp-json\/wp\/v2\/pages"}],"about":[{"href":"https:\/\/residentdoctors.ca\/fr\/wp-json\/wp\/v2\/types\/page"}],"author":[{"embeddable":true,"href":"https:\/\/residentdoctors.ca\/fr\/wp-json\/wp\/v2\/users\/2"}],"replies":[{"embeddable":true,"href":"https:\/\/residentdoctors.ca\/fr\/wp-json\/wp\/v2\/comments?post=2538"}],"version-history":[{"count":1,"href":"https:\/\/residentdoctors.ca\/fr\/wp-json\/wp\/v2\/pages\/2538\/revisions"}],"predecessor-version":[{"id":2539,"href":"https:\/\/residentdoctors.ca\/fr\/wp-json\/wp\/v2\/pages\/2538\/revisions\/2539"}],"wp:attachment":[{"href":"https:\/\/residentdoctors.ca\/fr\/wp-json\/wp\/v2\/media?parent=2538"}],"curies":[{"name":"wp","href":"https:\/\/api.w.org\/{rel}","templated":true}]}}