{"id":2533,"date":"2024-11-14T12:51:22","date_gmt":"2024-11-14T12:51:22","guid":{"rendered":"https:\/\/residentdoctors.ca\/a-propos-de-mrc-vue-densemblevue-densemble\/"},"modified":"2025-08-15T12:44:08","modified_gmt":"2025-08-15T12:44:08","slug":"a-propos-de-mrc-vue-densemblevue-densemble","status":"publish","type":"page","link":"https:\/\/residentdoctors.ca\/fr\/a-propos-de-mrc-vue-densemblevue-densemble\/","title":{"rendered":"\u00c0 propos de MRC \/ Vue d\u2019ensembleVue d\u2019ensemble"},"content":{"rendered":"\n<div class=\"wp-block-group alignfull has-global-padding is-layout-constrained wp-block-group-is-layout-constrained\" style=\"padding-top:var(--wp--preset--spacing--40);padding-bottom:var(--wp--preset--spacing--60)\">\n<div class=\"wp-block-columns are-vertically-aligned-center is-layout-flex wp-container-core-columns-is-layout-28f84493 wp-block-columns-is-layout-flex\">\n<div class=\"wp-block-column is-vertically-aligned-center is-layout-flow wp-block-column-is-layout-flow\" style=\"flex-basis:40%\">\n<div class=\"wp-block-group is-vertical is-layout-flex wp-container-core-group-is-layout-d6b9ab57 wp-block-group-is-layout-flex\" style=\"min-height:508px\">\n<p class=\"has-custom-primary-color has-text-color has-link-color has-large-font-size wp-elements-a3da7ebf8c9ea791bf120bce5e26b8be\" style=\"font-style:normal;font-weight:500;text-transform:capitalize\">\u00c0 propos de MRC<\/p>\n\n\n\n<h1 class=\"wp-block-heading\" style=\"line-height:1.1\">Vue d\u2019ensemble<\/h1>\n<\/div>\n<\/div>\n\n\n\n<div class=\"wp-block-column is-vertically-aligned-center is-layout-flow wp-block-column-is-layout-flow\" style=\"flex-basis:60%\">\n<figure class=\"wp-block-image size-large\"><img loading=\"lazy\" decoding=\"async\" width=\"1024\" height=\"884\" src=\"https:\/\/residentdoctors.ca\/wp-content\/uploads\/2025\/03\/25RDC004-Board-of-Directors-Banner-v3.0-1200-px-1024x884.png\" alt=\"\" class=\"wp-image-2273\" srcset=\"https:\/\/residentdoctors.ca\/wp-content\/uploads\/2025\/03\/25RDC004-Board-of-Directors-Banner-v3.0-1200-px-1024x884.png 1024w, https:\/\/residentdoctors.ca\/wp-content\/uploads\/2025\/03\/25RDC004-Board-of-Directors-Banner-v3.0-1200-px-300x259.png 300w, https:\/\/residentdoctors.ca\/wp-content\/uploads\/2025\/03\/25RDC004-Board-of-Directors-Banner-v3.0-1200-px-768x663.png 768w, https:\/\/residentdoctors.ca\/wp-content\/uploads\/2025\/03\/25RDC004-Board-of-Directors-Banner-v3.0-1200-px.png 1200w\" sizes=\"auto, (max-width: 1024px) 100vw, 1024px\" \/><\/figure>\n<\/div>\n<\/div>\n<\/div>\n\n<div class=\"wp-block-group has-global-padding is-content-justification-left is-layout-constrained wp-container-core-group-is-layout-ee34c509 wp-block-group-is-layout-constrained\" style=\"margin-top:0;margin-bottom:0;padding-top:var(--wp--preset--spacing--60);padding-bottom:var(--wp--preset--spacing--70)\">\n<p class=\"has-custom-senary-color has-text-color has-link-color has-x-large-font-size wp-elements-08c664bcec574c72e25c13e64fc0dc21\" style=\"font-style:normal;font-weight:500\">M\u00e9decins r\u00e9sidents du Canada (MRC) est une organisation nationale sans buts lucratifs qui repr\u00e9sente les int\u00e9r\u00eats en mati\u00e8re de formation m\u00e9dicale de tous les m\u00e9decins r\u00e9sidents au Canada \u00e0 l\u2019ext\u00e9rieur du Qu\u00e9bec.<\/p>\n\n\n\n<p>Cr\u00e9\u00e9e en 1972, MRC a une riche histoire en mati\u00e8re de collaboration avec d\u2019autres <a href=\"https:\/\/residentdoctors.ca\/national-partners\/\">partenaires nationaux <\/a>pour favoriser l\u2019excellence dans les domaines de la formation m\u00e9dicale, du bien-\u00eatre et des soins aux patients. <\/p>\n\n\n\n<p>La mission de MRC est de se faire le champion de moyens plus sains pour permettre aux r\u00e9sidents d\u2019apprendre et de travailler. Nous faisons cela afin que l\u2019on puisse cr\u00e9er la culture m\u00e9dicale que nous voulons et pour r\u00e9aliser notre vision o\u00f9 des r\u00e9sidents en sant\u00e9 sont des m\u00e9decins \u00e9panouis.  <\/p>\n<\/div>\n\n<div class=\"wp-block-group alignfull overflow-x-hidden is-style-rdoc-coloured-tab-quinary scalpel-bg has-background has-global-padding is-layout-constrained wp-container-core-group-is-layout-068e2f9e wp-block-group-is-layout-constrained\" style=\"background-color:#074a54;min-height:700px;margin-top:0;margin-bottom:0;padding-top:0;padding-right:var(--wp--preset--spacing--70);padding-bottom:0;padding-left:var(--wp--preset--spacing--70)\">\n<div\n  style=\"padding-top:var(--wp--preset--spacing--70);padding-bottom:var(--wp--preset--spacing--70);\" class=\"testimonials-carousel wp-block-covet-covet-carousel\"  data-wp-interactive=\"covet-carousel\"\n  data-wp-context='{\"title\":\"carousel-title\",\"id\":\"p-7\",\"carousel_id\":\"p-7\",\"hide\":false,\"active_slide\":\"\",\"current\":0,\"slides\":0,\"items\":[]}'  data-wp-init=\"callbacks.init\"\n  data-wp-bind--hidden=\"callbacks.checkHide\">\n  <div role=\"region\" aria-label=\"Carousel\">\n    \n\n<div class=\"wp-block-columns is-style-acas-rounded-all has-custom-white-color has-text-color has-link-color wp-elements-5384e791925e071a1ba36484feac0c95 is-layout-flex wp-container-core-columns-is-layout-c47336c3 wp-block-columns-is-layout-flex\" style=\"border-top-left-radius:21px;border-bottom-left-radius:21px;margin-top:0;margin-bottom:0;padding-top:var(--wp--preset--spacing--60);padding-bottom:var(--wp--preset--spacing--60)\">\n<div class=\"wp-block-column is-vertically-aligned-top carousel-left-column is-layout-flow wp-block-column-is-layout-flow\" style=\"flex-basis:35%\">\n<div class=\"wp-block-group space-between is-vertical is-content-justification-stretch is-layout-flex wp-container-core-group-is-layout-401b7a8a wp-block-group-is-layout-flex\">\n<div class=\"wp-block-group has-global-padding is-layout-constrained wp-block-group-is-layout-constrained\">\n<h2 class=\"wp-block-heading has-custom-white-color has-text-color has-link-color wp-elements-c6b53c75704fe2d07a553272c81ee5ef\">Ce que disent les leaders r\u00e9sidents \u00e0 propos de MRC<\/h2>\n<\/div>\n\n\n\n<div class=\"wp-block-group has-global-padding is-layout-constrained wp-block-group-is-layout-constrained\">\n<div class=\"wp-block-covet-covet-carousel-controls\" data-wp-interactive=\"covet-carousel\" data-wp-on--keyup=\"actions.onKeyUp\" role=\"group\" aria-label=\"Carousel Controls\" data-wp-context='{\"controls\":true}'>\n\n  \n  <button class=\"prev\" data-wp-on--click=\"actions.prev\" aria-label=\"Scroll carousel to previous\">Prev<\/button>\n  <button class=\"next\" data-wp-on--click=\"actions.next\" aria-label=\"Scroll carousel to next\">Next<\/button>\n\n<\/div>\n<\/div>\n<\/div>\n<\/div>\n\n\n\n<div class=\"wp-block-column is-vertically-aligned-top slides is-layout-flow wp-block-column-is-layout-flow\" style=\"flex-basis:65%\">\n<div class=\"wp-block-group carousel-slider-wrapper has-custom-white-color has-text-color has-link-color wp-elements-d417dbeaf76c5c9afbc6609d1d6b885e is-layout-flex wp-container-core-group-is-layout-d0921e6e wp-block-group-is-layout-flex\">\n<div class=\"wp-block-covet-covet-carousel-slide\" data-wp-interactive=\"covet-carousel\" data-wp-context='{\"slide_id\":\"p-2\"}' id=\"p-2\" role=\"group\">\n    \n\n<div class=\"wp-block-group h-full is-vertical is-layout-flex wp-container-core-group-is-layout-28f561af wp-block-group-is-layout-flex\" style=\"padding-right:var(--wp--preset--spacing--40);padding-left:var(--wp--preset--spacing--40)\">\n<div class=\"wp-block-group has-global-padding is-layout-constrained wp-block-group-is-layout-constrained\">\n<figure class=\"wp-block-image is-resized quote-icon\"><img decoding=\"async\" src=\"https:\/\/residentdoctors.ca\/wp-content\/uploads\/2024\/11\/icon-quote.svg\" alt=\"Quote Icon\" \/><\/figure>\n\n\n\n<p class=\"has-custom-white-color has-text-color has-link-color has-custom-1-font-size wp-elements-9d878433da61f274c8e467290856554e\" style=\"font-style:normal;font-weight:500\">M\u00e9decins r\u00e9sidents du Canada a jou\u00e9 un r\u00f4le important en dirigeant plusieurs efforts \u00e0 travers le pays afin d\u2019am\u00e9liorer la formation postdoctorale en m\u00e9decine. Il va sans dire que l\u2019organisation a constamment soutenu M\u00e9decins r\u00e9sidents de la Colombie-Britannique, lors des moments de n\u00e9gociation et par ailleurs. Au nom des r\u00e9sidents de la Colombie-Britannique, je partage le sentiment que nous sommes meilleurs ensemble et je suis fier de faire partie de MRC et du travail qui est fait pour am\u00e9liorer les vies des r\u00e9sidents dans tout le pays. \u00bb  <\/p>\n<\/div>\n\n\n\n<div class=\"wp-block-columns w-full is-layout-flex wp-container-core-columns-is-layout-45c10ec9 wp-block-columns-is-layout-flex\" style=\"margin-top:var(--wp--preset--spacing--60);margin-bottom:var(--wp--preset--spacing--60)\">\n<div class=\"wp-block-column is-vertically-aligned-center is-layout-flow wp-block-column-is-layout-flow\" style=\"flex-basis:40%\">\n<figure style=\"--focal-point: 48% 0%\" class=\"wp-block-image size-full is-resized has-custom-border\"><img loading=\"lazy\" decoding=\"async\" width=\"989\" height=\"1280\" src=\"https:\/\/residentdoctors.ca\/wp-content\/uploads\/2024\/11\/Dr.-Adeeb-Malas-President-RDBC-2024_2025.webp\" alt=\"\" class=\"wp-image-1401\" style=\"border-radius:50%;aspect-ratio:1;object-fit:cover;width:196px\" srcset=\"https:\/\/residentdoctors.ca\/wp-content\/uploads\/2024\/11\/Dr.-Adeeb-Malas-President-RDBC-2024_2025.webp 989w, https:\/\/residentdoctors.ca\/wp-content\/uploads\/2024\/11\/Dr.-Adeeb-Malas-President-RDBC-2024_2025-232x300.webp 232w, https:\/\/residentdoctors.ca\/wp-content\/uploads\/2024\/11\/Dr.-Adeeb-Malas-President-RDBC-2024_2025-791x1024.webp 791w, https:\/\/residentdoctors.ca\/wp-content\/uploads\/2024\/11\/Dr.-Adeeb-Malas-President-RDBC-2024_2025-768x994.webp 768w\" sizes=\"auto, (max-width: 989px) 100vw, 989px\" \/><\/figure>\n<\/div>\n\n\n\n<div class=\"wp-block-column is-vertically-aligned-center is-layout-flow wp-block-column-is-layout-flow\" style=\"flex-basis:60%\">\n<div class=\"wp-block-group has-global-padding is-layout-constrained wp-container-core-group-is-layout-92b9201d wp-block-group-is-layout-constrained\">\n<p style=\"font-style:normal;font-weight:700\">Dr Adeeb Malas<\/p>\n\n\n\n<hr class=\"wp-block-separator has-alpha-channel-opacity\" \/>\n\n\n\n<p>pr\u00e9sident de 2024\/25, M\u00e9decins r\u00e9sidents de la C.-B. (RDBC) <\/p>\n<\/div>\n<\/div>\n<\/div>\n<\/div>\n\n<\/div>\n\n\n\n<div class=\"wp-block-covet-covet-carousel-slide\" data-wp-interactive=\"covet-carousel\" data-wp-context='{\"slide_id\":\"p-3\"}' id=\"p-3\" role=\"group\">\n    \n\n<div class=\"wp-block-group h-full is-vertical is-layout-flex wp-container-core-group-is-layout-28f561af wp-block-group-is-layout-flex\" style=\"padding-right:var(--wp--preset--spacing--40);padding-left:var(--wp--preset--spacing--40)\">\n<div class=\"wp-block-group has-global-padding is-layout-constrained wp-block-group-is-layout-constrained\">\n<figure class=\"wp-block-image is-resized quote-icon\"><img decoding=\"async\" src=\"https:\/\/residentdoctors.ca\/wp-content\/uploads\/2024\/11\/icon-quote.svg\" alt=\"Quote Icon\" \/><\/figure>\n\n\n\n<p class=\"has-custom-white-color has-text-color has-link-color has-custom-1-font-size wp-elements-e89631fd49efb196aa76fd11535c9562\" style=\"font-style:normal;font-weight:500\">RDoS est fier des projets de sensibilisation de MRC pour les int\u00e9r\u00eats des r\u00e9sidents au niveau national. Nous sommes impatients \u00e0 l\u2019id\u00e9e de continuer de travailler avec MRC en ce qui concerne la sensibilisation et la responsabilisation collective des r\u00e9sidents. \u00bb <\/p>\n<\/div>\n\n\n\n<div class=\"wp-block-columns w-full is-layout-flex wp-container-core-columns-is-layout-45c10ec9 wp-block-columns-is-layout-flex\" style=\"margin-top:var(--wp--preset--spacing--60);margin-bottom:var(--wp--preset--spacing--60)\">\n<div class=\"wp-block-column is-vertically-aligned-center is-layout-flow wp-block-column-is-layout-flow\" style=\"flex-basis:40%\">\n<figure class=\"wp-block-image size-full is-resized has-custom-border\"><img loading=\"lazy\" decoding=\"async\" width=\"480\" height=\"480\" src=\"https:\/\/residentdoctors.ca\/wp-content\/uploads\/2024\/11\/Dr.-Eva-Liu-President-RDoS-2024_2025.webp\" alt=\"\" class=\"wp-image-1402\" style=\"border-radius:50%;aspect-ratio:1;object-fit:cover;width:196px\" srcset=\"https:\/\/residentdoctors.ca\/wp-content\/uploads\/2024\/11\/Dr.-Eva-Liu-President-RDoS-2024_2025.webp 480w, https:\/\/residentdoctors.ca\/wp-content\/uploads\/2024\/11\/Dr.-Eva-Liu-President-RDoS-2024_2025-300x300.webp 300w, https:\/\/residentdoctors.ca\/wp-content\/uploads\/2024\/11\/Dr.-Eva-Liu-President-RDoS-2024_2025-150x150.webp 150w, https:\/\/residentdoctors.ca\/wp-content\/uploads\/2024\/11\/Dr.-Eva-Liu-President-RDoS-2024_2025-60x60.webp 60w\" sizes=\"auto, (max-width: 480px) 100vw, 480px\" \/><\/figure>\n<\/div>\n\n\n\n<div class=\"wp-block-column is-vertically-aligned-center is-layout-flow wp-block-column-is-layout-flow\" style=\"flex-basis:60%\">\n<div class=\"wp-block-group has-global-padding is-layout-constrained wp-container-core-group-is-layout-92b9201d wp-block-group-is-layout-constrained\">\n<p style=\"font-style:normal;font-weight:700\">Dre Eva Liu<\/p>\n\n\n\n<hr class=\"wp-block-separator has-alpha-channel-opacity\" \/>\n\n\n\n<p>pr\u00e9sidente de 2024\/25, M\u00e9decins r\u00e9sidents de la Saskatchewan (RDoS)<\/p>\n<\/div>\n<\/div>\n<\/div>\n<\/div>\n\n<\/div>\n\n\n\n<div class=\"wp-block-covet-covet-carousel-slide\" data-wp-interactive=\"covet-carousel\" data-wp-context='{\"slide_id\":\"p-4\"}' id=\"p-4\" role=\"group\">\n    \n\n<div class=\"wp-block-group h-full is-vertical is-layout-flex wp-container-core-group-is-layout-28f561af wp-block-group-is-layout-flex\" style=\"padding-right:var(--wp--preset--spacing--40);padding-left:var(--wp--preset--spacing--40)\">\n<div class=\"wp-block-group has-global-padding is-layout-constrained wp-block-group-is-layout-constrained\">\n<figure class=\"wp-block-image is-resized quote-icon\"><img decoding=\"async\" src=\"https:\/\/residentdoctors.ca\/wp-content\/uploads\/2024\/11\/icon-quote.svg\" alt=\"Quote Icon\" \/><\/figure>\n\n\n\n<p class=\"has-custom-white-color has-text-color has-link-color has-custom-1-font-size wp-elements-fd288ae2f4ce0f3dfc8bf8fcad565e38\" style=\"font-style:normal;font-weight:500\">Nous savons que nous avons le soutien de MRC en ce qui concerne des enjeux comme l\u2019augmentation discr\u00e8te des comp\u00e9tences et le prolongement de la formation. Le raisonnement clair bas\u00e9 sur les preuves de MRC pour plaidoyer aide \u00e0 tenir les \u00e9tablissements responsables pour assurer l\u2019excellence lors de la conception des programmes de formation m\u00e9dicale. \u00bb <\/p>\n<\/div>\n\n\n\n<div class=\"wp-block-columns w-full is-layout-flex wp-container-core-columns-is-layout-45c10ec9 wp-block-columns-is-layout-flex\" style=\"margin-top:var(--wp--preset--spacing--60);margin-bottom:var(--wp--preset--spacing--60)\">\n<div class=\"wp-block-column is-vertically-aligned-center is-layout-flow wp-block-column-is-layout-flow\" style=\"flex-basis:40%\">\n<figure style=\"--focal-point: 47% 0%\" class=\"wp-block-image size-full is-resized has-custom-border\"><img loading=\"lazy\" decoding=\"async\" width=\"2178\" height=\"2419\" src=\"https:\/\/residentdoctors.ca\/wp-content\/uploads\/2024\/11\/Dr.-Dakotah-Janes.webp\" alt=\"\" class=\"wp-image-796\" style=\"border-radius:50%;aspect-ratio:1;object-fit:cover;width:196px\" srcset=\"https:\/\/residentdoctors.ca\/wp-content\/uploads\/2024\/11\/Dr.-Dakotah-Janes.webp 2178w, https:\/\/residentdoctors.ca\/wp-content\/uploads\/2024\/11\/Dr.-Dakotah-Janes-270x300.webp 270w, https:\/\/residentdoctors.ca\/wp-content\/uploads\/2024\/11\/Dr.-Dakotah-Janes-922x1024.webp 922w, https:\/\/residentdoctors.ca\/wp-content\/uploads\/2024\/11\/Dr.-Dakotah-Janes-768x853.webp 768w, https:\/\/residentdoctors.ca\/wp-content\/uploads\/2024\/11\/Dr.-Dakotah-Janes-1383x1536.webp 1383w, https:\/\/residentdoctors.ca\/wp-content\/uploads\/2024\/11\/Dr.-Dakotah-Janes-1844x2048.webp 1844w\" sizes=\"auto, (max-width: 2178px) 100vw, 2178px\" \/><\/figure>\n<\/div>\n\n\n\n<div class=\"wp-block-column is-vertically-aligned-center is-layout-flow wp-block-column-is-layout-flow\" style=\"flex-basis:60%\">\n<div class=\"wp-block-group has-global-padding is-layout-constrained wp-container-core-group-is-layout-92b9201d wp-block-group-is-layout-constrained\">\n<p style=\"font-style:normal;font-weight:700\">Dre Dakotah Janes<\/p>\n\n\n\n<hr class=\"wp-block-separator has-alpha-channel-opacity\" \/>\n\n\n\n<p>copr\u00e9sidente de 2024\/25, Association professionnelle des r\u00e9sidents de Terre-Neuve-et-Labrador (PARNL)<\/p>\n<\/div>\n<\/div>\n<\/div>\n<\/div>\n\n<\/div>\n\n\n\n<div class=\"wp-block-covet-covet-carousel-slide\" data-wp-interactive=\"covet-carousel\" data-wp-context='{\"slide_id\":\"p-5\"}' id=\"p-5\" role=\"group\">\n    \n\n<div class=\"wp-block-group h-full is-vertical is-layout-flex wp-container-core-group-is-layout-28f561af wp-block-group-is-layout-flex\" style=\"padding-right:var(--wp--preset--spacing--40);padding-left:var(--wp--preset--spacing--40)\">\n<div class=\"wp-block-group has-global-padding is-layout-constrained wp-block-group-is-layout-constrained\">\n<figure class=\"wp-block-image is-resized quote-icon\"><img decoding=\"async\" src=\"https:\/\/residentdoctors.ca\/wp-content\/uploads\/2024\/11\/icon-quote.svg\" alt=\"Quote Icon\" \/><\/figure>\n\n\n\n<p class=\"has-custom-white-color has-text-color has-link-color has-custom-1-font-size wp-elements-3ed0cbd5438c35599eaf0734979d9b15\" style=\"font-style:normal;font-weight:500\">Les r\u00e9sidents de PARO b\u00e9n\u00e9ficient de faire parti de MRC par l\u2019entremise des efforts de plaidoyer amplifi\u00e9s concernant les examens pertinents, la dur\u00e9e de la formation et la formation m\u00e9dicale de mani\u00e8re plus g\u00e9n\u00e9rale. Cette affiliation fournit un front uni aux r\u00e9sidents pour affronter les disparit\u00e9s dans les normes concernant les examens, plaider pour une dur\u00e9e de formation raisonnable et exercer une influence sur les politiques en mati\u00e8re d\u2019\u00e9ducation au pays, garantissant des conditions justes et \u00e9quitables pour les m\u00e9decins r\u00e9sidents \u00e0 travers le Canada. \u00bb <\/p>\n<\/div>\n\n\n\n<div class=\"wp-block-columns w-full is-layout-flex wp-container-core-columns-is-layout-45c10ec9 wp-block-columns-is-layout-flex\" style=\"margin-top:var(--wp--preset--spacing--60);margin-bottom:var(--wp--preset--spacing--60)\">\n<div class=\"wp-block-column is-vertically-aligned-center is-layout-flow wp-block-column-is-layout-flow\" style=\"flex-basis:40%\">\n<figure class=\"wp-block-image size-full is-resized has-custom-border\"><img loading=\"lazy\" decoding=\"async\" width=\"1715\" height=\"1284\" src=\"https:\/\/residentdoctors.ca\/wp-content\/uploads\/2024\/11\/Dr.-Ari-Cuperfain-scaled-e1733854070890.webp\" alt=\"\" class=\"wp-image-1115\" style=\"border-radius:50%;aspect-ratio:1;object-fit:cover;width:196px\" srcset=\"https:\/\/residentdoctors.ca\/wp-content\/uploads\/2024\/11\/Dr.-Ari-Cuperfain-scaled-e1733854070890.webp 1715w, https:\/\/residentdoctors.ca\/wp-content\/uploads\/2024\/11\/Dr.-Ari-Cuperfain-scaled-e1733854070890-300x225.webp 300w, https:\/\/residentdoctors.ca\/wp-content\/uploads\/2024\/11\/Dr.-Ari-Cuperfain-scaled-e1733854070890-1024x767.webp 1024w, https:\/\/residentdoctors.ca\/wp-content\/uploads\/2024\/11\/Dr.-Ari-Cuperfain-scaled-e1733854070890-768x575.webp 768w, https:\/\/residentdoctors.ca\/wp-content\/uploads\/2024\/11\/Dr.-Ari-Cuperfain-scaled-e1733854070890-1536x1150.webp 1536w\" sizes=\"auto, (max-width: 1715px) 100vw, 1715px\" \/><\/figure>\n<\/div>\n\n\n\n<div class=\"wp-block-column is-vertically-aligned-center is-layout-flow wp-block-column-is-layout-flow\" style=\"flex-basis:60%\">\n<div class=\"wp-block-group has-global-padding is-layout-constrained wp-container-core-group-is-layout-92b9201d wp-block-group-is-layout-constrained\">\n<p style=\"font-style:normal;font-weight:700\">Dr Ari Cuperfain<\/p>\n\n\n\n<hr class=\"wp-block-separator has-alpha-channel-opacity\" \/>\n\n\n\n<p>tr\u00e9sorier de 2022\/23, Association professionnelle des m\u00e9decins r\u00e9sidents de l\u2019Ontario (PARO)<\/p>\n<\/div>\n<\/div>\n<\/div>\n<\/div>\n\n<\/div>\n\n\n\n<div class=\"wp-block-covet-covet-carousel-slide\" data-wp-interactive=\"covet-carousel\" data-wp-context='{\"slide_id\":\"p-6\"}' id=\"p-6\" role=\"group\">\n    \n\n<div class=\"wp-block-group h-full is-vertical is-layout-flex wp-container-core-group-is-layout-28f561af wp-block-group-is-layout-flex\" style=\"padding-right:var(--wp--preset--spacing--40);padding-left:var(--wp--preset--spacing--40)\">\n<div class=\"wp-block-group has-global-padding is-layout-constrained wp-block-group-is-layout-constrained\">\n<figure class=\"wp-block-image is-resized quote-icon\"><img decoding=\"async\" src=\"https:\/\/residentdoctors.ca\/wp-content\/uploads\/2024\/11\/icon-quote.svg\" alt=\"Quote Icon\" \/><\/figure>\n\n\n\n<p class=\"has-custom-white-color has-text-color has-link-color has-custom-1-font-size wp-elements-2fe30e6538506e2ca5d08590b95d686c\" style=\"font-style:normal;font-weight:500\">En tant qu\u2019association provinciale de petite \u00e0 moyenne taille, la capacit\u00e9 de faire entendre nos voix au niveau national par l\u2019entremise des efforts de plaidoyer de MRC est extr\u00eamement utile. De plus, avoir acc\u00e8s aux connaissances et aux capacit\u00e9s de l\u2019\u00e9quipe professionnelle de MRC, en plus du r\u00e9seau national des associations provinciales pour aider dans le cadre d\u2019initiatives comme l\u2019agr\u00e9ment et les n\u00e9gociations des conventions collectives permet \u00e0 ces processus de se d\u00e9rouler beaucoup plus en douceur et avec succ\u00e8s. \u00bb <\/p>\n<\/div>\n\n\n\n<div class=\"wp-block-columns w-full is-layout-flex wp-container-core-columns-is-layout-45c10ec9 wp-block-columns-is-layout-flex\" style=\"margin-top:var(--wp--preset--spacing--60);margin-bottom:var(--wp--preset--spacing--60)\">\n<div class=\"wp-block-column is-vertically-aligned-center is-layout-flow wp-block-column-is-layout-flow\" style=\"flex-basis:40%\">\n<figure style=\"--focal-point: 51% 0%\" class=\"wp-block-image size-full is-resized has-custom-border\"><img loading=\"lazy\" decoding=\"async\" width=\"1707\" height=\"2560\" src=\"https:\/\/residentdoctors.ca\/wp-content\/uploads\/2024\/11\/Dr.-Patrick-Holland-scaled.webp\" alt=\"\" class=\"wp-image-1098\" style=\"border-radius:50%;aspect-ratio:1;object-fit:cover;width:196px\" srcset=\"https:\/\/residentdoctors.ca\/wp-content\/uploads\/2024\/11\/Dr.-Patrick-Holland-scaled.webp 1707w, https:\/\/residentdoctors.ca\/wp-content\/uploads\/2024\/11\/Dr.-Patrick-Holland-200x300.webp 200w, https:\/\/residentdoctors.ca\/wp-content\/uploads\/2024\/11\/Dr.-Patrick-Holland-683x1024.webp 683w, https:\/\/residentdoctors.ca\/wp-content\/uploads\/2024\/11\/Dr.-Patrick-Holland-768x1152.webp 768w, https:\/\/residentdoctors.ca\/wp-content\/uploads\/2024\/11\/Dr.-Patrick-Holland-1024x1536.webp 1024w, https:\/\/residentdoctors.ca\/wp-content\/uploads\/2024\/11\/Dr.-Patrick-Holland-1365x2048.webp 1365w\" sizes=\"auto, (max-width: 1707px) 100vw, 1707px\" \/><\/figure>\n<\/div>\n\n\n\n<div class=\"wp-block-column is-vertically-aligned-center is-layout-flow wp-block-column-is-layout-flow\" style=\"flex-basis:60%\">\n<div class=\"wp-block-group has-global-padding is-layout-constrained wp-container-core-group-is-layout-92b9201d wp-block-group-is-layout-constrained\">\n<p style=\"font-style:normal;font-weight:700\">Dr Pat Holland<\/p>\n\n\n\n<hr class=\"wp-block-separator has-alpha-channel-opacity\" \/>\n\n\n\n<p>pr\u00e9sident de 2022\/23 et de 2023\/24, M\u00e9decins r\u00e9sidents des Maritimes du Canada (MarDocs)<\/p>\n<\/div>\n<\/div>\n<\/div>\n<\/div>\n\n<\/div>\n<\/div>\n<\/div>\n<\/div>\n\n  <\/div>\n<\/div>\n<\/div>\n","protected":false},"excerpt":{"rendered":"<p>\u00c0 propos de MRC Vue d\u2019ensemble M\u00e9decins r\u00e9sidents du Canada (MRC) est une organisation nationale sans buts lucratifs qui repr\u00e9sente les int\u00e9r\u00eats en mati\u00e8re de formation m\u00e9dicale de tous les m\u00e9decins r\u00e9sidents au Canada \u00e0 l\u2019ext\u00e9rieur du Qu\u00e9bec. Cr\u00e9\u00e9e en 1972, MRC a une riche histoire en mati\u00e8re de collaboration avec d\u2019autres partenaires nationaux pour [&hellip;]<\/p>\n","protected":false},"author":1,"featured_media":0,"parent":0,"menu_order":0,"comment_status":"closed","ping_status":"closed","template":"","meta":{"_acf_changed":false,"footnotes":""},"class_list":["post-2533","page","type-page","status-publish","hentry"],"acf":[],"_links":{"self":[{"href":"https:\/\/residentdoctors.ca\/fr\/wp-json\/wp\/v2\/pages\/2533","targetHints":{"allow":["GET"]}}],"collection":[{"href":"https:\/\/residentdoctors.ca\/fr\/wp-json\/wp\/v2\/pages"}],"about":[{"href":"https:\/\/residentdoctors.ca\/fr\/wp-json\/wp\/v2\/types\/page"}],"author":[{"embeddable":true,"href":"https:\/\/residentdoctors.ca\/fr\/wp-json\/wp\/v2\/users\/1"}],"replies":[{"embeddable":true,"href":"https:\/\/residentdoctors.ca\/fr\/wp-json\/wp\/v2\/comments?post=2533"}],"version-history":[{"count":6,"href":"https:\/\/residentdoctors.ca\/fr\/wp-json\/wp\/v2\/pages\/2533\/revisions"}],"predecessor-version":[{"id":2836,"href":"https:\/\/residentdoctors.ca\/fr\/wp-json\/wp\/v2\/pages\/2533\/revisions\/2836"}],"wp:attachment":[{"href":"https:\/\/residentdoctors.ca\/fr\/wp-json\/wp\/v2\/media?parent=2533"}],"curies":[{"name":"wp","href":"https:\/\/api.w.org\/{rel}","templated":true}]}}